{"id":65,"date":"2024-10-10T10:27:58","date_gmt":"2024-10-10T10:27:58","guid":{"rendered":"https:\/\/iesmgkorreas.com\/filosofia\/?page_id=65"},"modified":"2025-05-20T10:33:01","modified_gmt":"2025-05-20T10:33:01","slug":"making-off","status":"publish","type":"page","link":"https:\/\/iesmgkorreas.com\/revistasapereaude2024\/?page_id=65","title":{"rendered":"MAKING OF"},"content":{"rendered":"<h2>Descubre nuestro proceso de trabajo<\/h2>\n\n\n<p>Nuestra publicaci\u00f3n es el resultado de un trabajo colaborativo en el que participan varios centros educativos de la provincia de C\u00e1ceres y que, bajo la coordinaci\u00f3n y supervisi\u00f3n de los profesores que integran nuestro equipo, recoge los trabajos realizados por nuestros alumnos de secundaria.<br>Todo este laboriosos proceso de trabajo est\u00e1 recogido en un espacio web propio al que se puede acceder a trav\u00e9s del siguiente enlace:<\/p>\n\n\n\n<div style=\"height:51px\" aria-hidden=\"true\" class=\"wp-block-spacer\"><\/div>\n\n\n\n<div class=\"wp-block-buttons is-layout-flex wp-block-buttons-is-layout-flex\">\n<div class=\"wp-block-button\"><a class=\"wp-block-button__link wp-element-button\" href=\"https:\/\/sites.google.com\/revistasapereaude.com\/revistasapereaude\" target=\"_blank\" rel=\"noreferrer noopener\">Website de la publicaci\u00f3n<\/a><\/div>\n<\/div>\n\n\n\n<div style=\"height:100px\" aria-hidden=\"true\" class=\"wp-block-spacer\"><\/div>\n\n\n\n<div class=\"wp-block-uagb-image uagb-block-1113430d wp-block-uagb-image--layout-default wp-block-uagb-image--effect-static wp-block-uagb-image--align-none\"><figure class=\"wp-block-uagb-image__figure\"><a class=\"\" href=\"https:\/\/sites.google.com\/d\/1q6VW4z19cxfdvuSvx7feitWQqfP7-4jY\/p\/18p7Lcf6EB-Z9WVboNWrDFWO2gj11ggfL\/edit\" target=\"\" rel=\"noopener\"><img loading=\"lazy\" decoding=\"async\" srcset=\"https:\/\/iesmgkorreas.com\/revistasapereaude2024\/wp-content\/uploads\/2025\/02\/portada.png ,https:\/\/iesmgkorreas.com\/revistasapereaude2024\/wp-content\/uploads\/2025\/02\/portada.png 780w, https:\/\/iesmgkorreas.com\/revistasapereaude2024\/wp-content\/uploads\/2025\/02\/portada.png 360w\" sizes=\"auto, (max-width: 480px) 150px\" src=\"https:\/\/iesmgkorreas.com\/revistasapereaude2024\/wp-content\/uploads\/2025\/02\/portada.png\" alt=\"\" class=\"uag-image-571\" width=\"884\" height=\"521\" title=\"portada\" loading=\"lazy\" role=\"img\"\/><\/a><\/figure><\/div>\n\n\n\n<p><\/p>\n","protected":false},"excerpt":{"rendered":"<p>Descubre nuestro proceso de trabajo Nuestra publicaci\u00f3n es el resultado de un trabajo colaborativo en<\/p>\n","protected":false},"author":2,"featured_media":0,"parent":0,"menu_order":0,"comment_status":"closed","ping_status":"closed","template":"","meta":{"_uag_custom_page_level_css":"","footnotes":""},"ppma_author":[85],"class_list":["post-65","page","type-page","status-publish","hentry"],"uagb_featured_image_src":{"full":false,"thumbnail":false,"medium":false,"medium_large":false,"large":false,"1536x1536":false,"2048x2048":false,"elegant-magazine-featured":false,"elegant-magazine-medium":false,"elegant-magazine-medium-small":false,"elegant-magazine-thumbnail-small":false},"uagb_author_info":{"display_name":"Miguel San Miguel Martos","author_link":"https:\/\/iesmgkorreas.com\/revistasapereaude2024\/?author=2"},"uagb_comment_info":0,"uagb_excerpt":"Descubre nuestro proceso de trabajo Nuestra publicaci\u00f3n es el resultado de un trabajo colaborativo en","_links":{"self":[{"href":"https:\/\/iesmgkorreas.com\/revistasapereaude2024\/index.php?rest_route=\/wp\/v2\/pages\/65","targetHints":{"allow":["GET"]}}],"collection":[{"href":"https:\/\/iesmgkorreas.com\/revistasapereaude2024\/index.php?rest_route=\/wp\/v2\/pages"}],"about":[{"href":"https:\/\/iesmgkorreas.com\/revistasapereaude2024\/index.php?rest_route=\/wp\/v2\/types\/page"}],"author":[{"embeddable":true,"href":"https:\/\/iesmgkorreas.com\/revistasapereaude2024\/index.php?rest_route=\/wp\/v2\/users\/2"}],"replies":[{"embeddable":true,"href":"https:\/\/iesmgkorreas.com\/revistasapereaude2024\/index.php?rest_route=%2Fwp%2Fv2%2Fcomments&post=65"}],"version-history":[{"count":12,"href":"https:\/\/iesmgkorreas.com\/revistasapereaude2024\/index.php?rest_route=\/wp\/v2\/pages\/65\/revisions"}],"predecessor-version":[{"id":1462,"href":"https:\/\/iesmgkorreas.com\/revistasapereaude2024\/index.php?rest_route=\/wp\/v2\/pages\/65\/revisions\/1462"}],"wp:attachment":[{"href":"https:\/\/iesmgkorreas.com\/revistasapereaude2024\/index.php?rest_route=%2Fwp%2Fv2%2Fmedia&parent=65"}],"wp:term":[{"taxonomy":"author","embeddable":true,"href":"https:\/\/iesmgkorreas.com\/revistasapereaude2024\/index.php?rest_route=%2Fwp%2Fv2%2Fppma_author&post=65"}],"curies":[{"name":"wp","href":"https:\/\/api.w.org\/{rel}","templated":true}]}}