{"id":14,"date":"2024-10-09T18:13:12","date_gmt":"2024-10-09T18:13:12","guid":{"rendered":"https:\/\/iesmgkorreas.com\/filosofia\/?page_id=14"},"modified":"2025-06-19T07:20:01","modified_gmt":"2025-06-19T07:20:01","slug":"ediciones-anteriores","status":"publish","type":"page","link":"https:\/\/iesmgkorreas.com\/revistasapereaude2024\/?page_id=14","title":{"rendered":"EDICIONES ANTERIORES"},"content":{"rendered":"\n<p>En el siguiente enlace puedes acceder a las ediciones anteriores de nuestra revista.<\/p>\n\n\n\n<div class=\"wp-block-buttons is-layout-flex wp-block-buttons-is-layout-flex\">\n<div class=\"wp-block-button\"><a class=\"wp-block-button__link wp-element-button\" href=\"http:\/\/<iframe src=&quot;https:\/\/drive.google.com\/file\/d\/1NcjCQiXfRnADMKc4owsHucF3XBnYX_z8\/preview&quot; width=&quot;640&quot; height=&quot;480&quot; allow=&quot;autoplay&quot;&gt;<\/iframe&gt;\">Revista Sapere Aude<\/a><\/div>\n<\/div>\n\n\n\n<p>Mayo 2019<\/p>\n\n\n\n<div class=\"wp-block-group is-layout-constrained wp-block-group-is-layout-constrained\">\n<iframe src=\"https:\/\/drive.google.com\/file\/d\/1NcjCQiXfRnADMKc4owsHucF3XBnYX_z8\/preview\" width=\"440\" height=\"480\" allow=\"autoplay\"><\/iframe>\n<\/div>\n\n\n\n<div class=\"wp-block-columns is-layout-flex wp-container-core-columns-is-layout-28f84493 wp-block-columns-is-layout-flex\">\n<div class=\"wp-block-column is-layout-flow wp-block-column-is-layout-flow\">\n<h2 class=\"wp-block-heading\">Sapere Aude N\u00ba 2: <em>La normalizaci\u00f3n de la mentira<\/em><\/h2>\n\n\n\n<p>Mayo 2020<\/p>\n\n\n\n<iframe src=\"https:\/\/drive.google.com\/file\/d\/1B1WJWIq7Sb2l0hbEmWqrsWuShM0Tw3nw\/preview\" width=\"440\" height=\"480\" allow=\"autoplay\"><\/iframe>\n<\/div>\n\n\n\n<div class=\"wp-block-column is-layout-flow wp-block-column-is-layout-flow\">\n<h2 class=\"wp-block-heading\">Sapere Aude N\u00ba 3:<em> La nave de los locos<\/em><\/h2>\n\n\n\n<p>Mayo 2021<\/p>\n\n\n\n<iframe src=\"https:\/\/drive.google.com\/file\/d\/1TbbD6dVXrmIIiVmnMx53t9jSbLJnmef6\/preview\" width=\"440\" height=\"480\" allow=\"autoplay\"><\/iframe>\n<\/div>\n<\/div>\n\n\n\n<div class=\"wp-block-columns is-layout-flex wp-container-core-columns-is-layout-28f84493 wp-block-columns-is-layout-flex\">\n<div class=\"wp-block-column is-layout-flow wp-block-column-is-layout-flow\"><\/div>\n\n\n\n<div class=\"wp-block-column is-layout-flow wp-block-column-is-layout-flow\"><\/div>\n<\/div>\n\n\n\n<div class=\"wp-block-columns is-layout-flex wp-container-core-columns-is-layout-28f84493 wp-block-columns-is-layout-flex\">\n<div class=\"wp-block-column is-layout-flow wp-block-column-is-layout-flow\" style=\"flex-basis:100%\">\n<div class=\"wp-block-columns is-layout-flex wp-container-core-columns-is-layout-28f84493 wp-block-columns-is-layout-flex\">\n<div class=\"wp-block-column is-layout-flow wp-block-column-is-layout-flow\" style=\"flex-basis:50%\">\n<h2 class=\"wp-block-heading\">Sapere Aude N\u00ba 4: Memento mori<br><\/h2>\n<\/div>\n\n\n\n<div class=\"wp-block-column is-layout-flow wp-block-column-is-layout-flow\" style=\"flex-basis:50%\"><\/div>\n<\/div>\n\n\n\n<p>Mayo 2022<\/p>\n\n\n\n<iframe src=\"https:\/\/drive.google.com\/file\/d\/1Mp3CK1kx9-6_oY0N-V4x3Bf23oAyKj9J\/preview\" width=\"440\" height=\"480\" allow=\"autoplay\"><\/iframe>\n<\/div>\n<\/div>\n\n\n\n<div class=\"wp-block-comments\">\n\n\n\n\n\n\t<div id=\"respond\" class=\"comment-respond wp-block-post-comments-form\">\n\t\t<h3 id=\"reply-title\" class=\"comment-reply-title\">Deja una respuesta <small><a rel=\"nofollow\" id=\"cancel-comment-reply-link\" href=\"\/revistasapereaude2024\/index.php?rest_route=%2Fwp%2Fv2%2Fpages%2F14#respond\" style=\"display:none;\">Cancelar la respuesta<\/a><\/small><\/h3><form action=\"https:\/\/iesmgkorreas.com\/revistasapereaude2024\/wp-comments-post.php\" method=\"post\" id=\"commentform\" class=\"comment-form\"><p class=\"comment-notes\"><span id=\"email-notes\">Tu direcci\u00f3n de correo electr\u00f3nico no ser\u00e1 publicada.<\/span> <span class=\"required-field-message\">Los campos obligatorios est\u00e1n marcados con <span class=\"required\">*<\/span><\/span><\/p><p class=\"comment-form-comment\"><label for=\"comment\">Comentario <span class=\"required\">*<\/span><\/label> <textarea id=\"comment\" name=\"comment\" cols=\"45\" rows=\"8\" maxlength=\"65525\" required><\/textarea><\/p><p class=\"comment-form-author\"><label for=\"author\">Nombre <span class=\"required\">*<\/span><\/label> <input id=\"author\" name=\"author\" type=\"text\" value=\"\" size=\"30\" maxlength=\"245\" autocomplete=\"name\" required \/><\/p>\n<p class=\"comment-form-email\"><label for=\"email\">Correo electr\u00f3nico <span class=\"required\">*<\/span><\/label> <input id=\"email\" name=\"email\" type=\"email\" value=\"\" size=\"30\" maxlength=\"100\" aria-describedby=\"email-notes\" autocomplete=\"email\" required \/><\/p>\n<p class=\"comment-form-url\"><label for=\"url\">Web<\/label> <input id=\"url\" name=\"url\" type=\"url\" value=\"\" size=\"30\" maxlength=\"200\" autocomplete=\"url\" \/><\/p>\n<p class=\"comment-form-cookies-consent\"><input id=\"wp-comment-cookies-consent\" name=\"wp-comment-cookies-consent\" type=\"checkbox\" value=\"yes\" \/> <label for=\"wp-comment-cookies-consent\">Guarda mi nombre, correo electr\u00f3nico y web en este navegador para la pr\u00f3xima vez que comente.<\/label><\/p>\n<p class=\"form-submit\"><input name=\"submit\" type=\"submit\" id=\"submit\" class=\"submit\" value=\"Publicar el comentario\" \/> <input type='hidden' name='comment_post_ID' value='14' id='comment_post_ID' \/>\n<input type='hidden' name='comment_parent' id='comment_parent' value='0' \/>\n<\/p><\/form>\t<\/div><!-- #respond -->\n\t<\/div>\n\n\n\n<p><\/p>\n","protected":false},"excerpt":{"rendered":"<p>En el siguiente enlace puedes acceder a las ediciones anteriores de nuestra revista. Mayo 2019<\/p>\n","protected":false},"author":2,"featured_media":0,"parent":0,"menu_order":0,"comment_status":"open","ping_status":"closed","template":"","meta":{"_uag_custom_page_level_css":"","footnotes":""},"ppma_author":[85],"class_list":["post-14","page","type-page","status-publish","hentry"],"uagb_featured_image_src":{"full":false,"thumbnail":false,"medium":false,"medium_large":false,"large":false,"1536x1536":false,"2048x2048":false,"elegant-magazine-featured":false,"elegant-magazine-medium":false,"elegant-magazine-medium-small":false,"elegant-magazine-thumbnail-small":false},"uagb_author_info":{"display_name":"Miguel San Miguel Martos","author_link":"https:\/\/iesmgkorreas.com\/revistasapereaude2024\/?author=2"},"uagb_comment_info":1,"uagb_excerpt":"En el siguiente enlace puedes acceder a las ediciones anteriores de nuestra revista. Mayo 2019","_links":{"self":[{"href":"https:\/\/iesmgkorreas.com\/revistasapereaude2024\/index.php?rest_route=\/wp\/v2\/pages\/14","targetHints":{"allow":["GET"]}}],"collection":[{"href":"https:\/\/iesmgkorreas.com\/revistasapereaude2024\/index.php?rest_route=\/wp\/v2\/pages"}],"about":[{"href":"https:\/\/iesmgkorreas.com\/revistasapereaude2024\/index.php?rest_route=\/wp\/v2\/types\/page"}],"author":[{"embeddable":true,"href":"https:\/\/iesmgkorreas.com\/revistasapereaude2024\/index.php?rest_route=\/wp\/v2\/users\/2"}],"replies":[{"embeddable":true,"href":"https:\/\/iesmgkorreas.com\/revistasapereaude2024\/index.php?rest_route=%2Fwp%2Fv2%2Fcomments&post=14"}],"version-history":[{"count":20,"href":"https:\/\/iesmgkorreas.com\/revistasapereaude2024\/index.php?rest_route=\/wp\/v2\/pages\/14\/revisions"}],"predecessor-version":[{"id":1662,"href":"https:\/\/iesmgkorreas.com\/revistasapereaude2024\/index.php?rest_route=\/wp\/v2\/pages\/14\/revisions\/1662"}],"wp:attachment":[{"href":"https:\/\/iesmgkorreas.com\/revistasapereaude2024\/index.php?rest_route=%2Fwp%2Fv2%2Fmedia&parent=14"}],"wp:term":[{"taxonomy":"author","embeddable":true,"href":"https:\/\/iesmgkorreas.com\/revistasapereaude2024\/index.php?rest_route=%2Fwp%2Fv2%2Fppma_author&post=14"}],"curies":[{"name":"wp","href":"https:\/\/api.w.org\/{rel}","templated":true}]}}