{"id":57,"date":"2018-05-16T12:48:32","date_gmt":"2018-05-16T12:48:32","guid":{"rendered":"http:\/\/www.bibliogonzalokorreas.com\/proyectoeuropa\/?page_id=57"},"modified":"2018-06-21T11:16:38","modified_gmt":"2018-06-21T11:16:38","slug":"grecia","status":"publish","type":"page","link":"https:\/\/iesmgkorreas.com\/proyectoeuropa2024\/index.php\/grecia\/","title":{"rendered":"Grecia"},"content":{"rendered":"<h1><strong>Realizada por alumnos de ESO 4\u00ba A y DPTO. de Griego.<br \/>\n<\/strong><\/h1>\n<p><span style=\"color: #800080;\">PROFESORA: Olga<\/span><\/p>\n<p><span style=\"color: #800080;\">MATERIA: M\u00fasica<\/span><\/p>\n<p>ACTIVIDAD: <span style=\"font-size: large;\">Bailes t\u00edpicos del pa\u00eds ( powerpoint) y grabaci\u00f3n concreta de una interpretaci\u00f3n del sirtaki. ( AED) <\/span><\/p>\n<p><iframe loading=\"lazy\" src=\"https:\/\/www.youtube.com\/embed\/3ZXioeOmDtA\" width=\"560\" height=\"315\" frameborder=\"0\" allowfullscreen=\"allowfullscreen\"><\/iframe><\/p>\n<hr \/>\n<p><span style=\"color: #800080;\">PROFESOR: Antol\u00edn<br \/>\n<\/span><\/p>\n<p><span style=\"color: #800080;\">MATERIA: Biolog\u00eda<br \/>\n<\/span><\/p>\n<p><span style=\"color: #800080;\">Actividad:<\/span> La biodiversidad de Grecia.<\/p>\n<p><a href=\"http:\/\/www.bibliogonzalokorreas.com\/proyectoeuropa\/wp-content\/uploads\/2018\/05\/LA_BIODIVERSIDAD_DE_GRECIA.pdf\" target=\"_blank\" rel=\"noopener\"><img loading=\"lazy\" decoding=\"async\" class=\"alignnone wp-image-268 size-full\" src=\"http:\/\/www.bibliogonzalokorreas.com\/proyectoeuropa\/wp-content\/uploads\/2018\/05\/imgpdf.jpg\" alt=\"\" width=\"160\" height=\"150\" \/><\/a><\/p>\n<p><span style=\"color: #800080;\">Actividad:<\/span> Mitolog\u00eda Griega<\/p>\n<p><a href=\"https:\/\/iesmgkorreas.com\/proyectoeuropa20242024\/wp-content\/uploads\/2018\/06\/mitolog\u00eda-griega-Antolin-Biologia.pdf\" target=\"_blank\" rel=\"noopener\"><img loading=\"lazy\" decoding=\"async\" class=\"alignnone wp-image-268 size-full\" src=\"https:\/\/iesmgkorreas.com\/proyectoeuropa20242024\/wp-content\/uploads\/2018\/05\/imgpdf.jpg\" alt=\"\" width=\"160\" height=\"150\" \/><\/a><\/p>\n<hr \/>\n<p>&nbsp;<\/p>\n","protected":false},"excerpt":{"rendered":"<p>Realizada por alumnos de ESO 4\u00ba A y DPTO. de Griego. PROFESORA: Olga MATERIA: M\u00fasica ACTIVIDAD: Bailes t\u00edpicos del pa\u00eds ( powerpoint) y grabaci\u00f3n concreta de una interpretaci\u00f3n del sirtaki. ( AED) PROFESOR: Antol\u00edn MATERIA: Biolog\u00eda Actividad: La biodiversidad de Grecia. Actividad: Mitolog\u00eda Griega &nbsp;<\/p>\n","protected":false},"author":1,"featured_media":0,"parent":0,"menu_order":0,"comment_status":"closed","ping_status":"closed","template":"","meta":{"footnotes":""},"_links":{"self":[{"href":"https:\/\/iesmgkorreas.com\/proyectoeuropa2024\/index.php\/wp-json\/wp\/v2\/pages\/57"}],"collection":[{"href":"https:\/\/iesmgkorreas.com\/proyectoeuropa2024\/index.php\/wp-json\/wp\/v2\/pages"}],"about":[{"href":"https:\/\/iesmgkorreas.com\/proyectoeuropa2024\/index.php\/wp-json\/wp\/v2\/types\/page"}],"author":[{"embeddable":true,"href":"https:\/\/iesmgkorreas.com\/proyectoeuropa2024\/index.php\/wp-json\/wp\/v2\/users\/1"}],"replies":[{"embeddable":true,"href":"https:\/\/iesmgkorreas.com\/proyectoeuropa2024\/index.php\/wp-json\/wp\/v2\/comments?post=57"}],"version-history":[{"count":7,"href":"https:\/\/iesmgkorreas.com\/proyectoeuropa2024\/index.php\/wp-json\/wp\/v2\/pages\/57\/revisions"}],"predecessor-version":[{"id":819,"href":"https:\/\/iesmgkorreas.com\/proyectoeuropa2024\/index.php\/wp-json\/wp\/v2\/pages\/57\/revisions\/819"}],"wp:attachment":[{"href":"https:\/\/iesmgkorreas.com\/proyectoeuropa2024\/index.php\/wp-json\/wp\/v2\/media?parent=57"}],"curies":[{"name":"wp","href":"https:\/\/api.w.org\/{rel}","templated":true}]}}