{"id":49,"date":"2018-05-16T12:43:52","date_gmt":"2018-05-16T12:43:52","guid":{"rendered":"http:\/\/www.bibliogonzalokorreas.com\/proyectoeuropa\/?page_id=49"},"modified":"2018-06-12T08:05:48","modified_gmt":"2018-06-12T08:05:48","slug":"reino-unido","status":"publish","type":"page","link":"https:\/\/iesmgkorreas.com\/proyectoeuropa2024\/index.php\/reino-unido\/","title":{"rendered":"Reino Unido"},"content":{"rendered":"<h1><strong>Realizada por alumnos de ESO 2\u00ba PMAR A<br \/>\n<\/strong><\/h1>\n<p><span style=\"color: #800080;\">Profesora: Ana<br \/>\n<\/span><\/p>\n<p><span style=\"color: #800080;\">Materia: Ingl\u00e9s:<\/span><\/p>\n<p><span style=\"color: #800080;\">Actividad:\u00a0<\/span>En las siguientes fotos podemos ver una actividad enmarcada dentro del proyecto \u00abEuropa\u00bb, en la que han participado los alumnos de 2\u00ba de la ESO y de 2\u00ba de PMAR. El padre de una alumna del centro ha compartido con nosotros su experiencia de viaje al Reino Unido, m\u00e1s concretamente a Londres.<\/p>\n<p>Durante esta charla tan amena nos ha explicado c\u00f3mo ha planificado su viaje, los sitios que ha visitado, adem\u00e1s de varias an\u00e9cdotas divertidas del viaje. Hemos podido ver incluso fotos con su familia sacadas en los monumentos m\u00e1s importantes. Gracias a este rato que hemos compartido, se ha despertado el inter\u00e9s del alumnado por este pa\u00eds, expandiendo as\u00ed sus horizontes. \u00a1Todos nos hemos quedado con muchas ganas de hacer una escapada a Londres! Muchas gracias por vuestra participaci\u00f3n.<\/p>\n<div data-carousel-extra='{\"blog_id\":1,\"permalink\":\"https:\\\/\\\/iesmgkorreas.com\\\/proyectoeuropa2024\\\/index.php\\\/reino-unido\\\/\"}' class=\"tiled-gallery type-circle\" data-original-width=\"525\"><div class=\"tiled-gallery-item\"><a border=\"0\" href=\"https:\/\/iesmgkorreas.com\/proyectoeuropa2024\/index.php\/reino-unido\/20180412_140806_587_440_90\/\"><img decoding=\"async\" data-attachment-id=\"559\" data-orig-file=\"https:\/\/iesmgkorreas.com\/proyectoeuropa2024\/wp-content\/uploads\/2018\/06\/20180412_140806_587_440_90.jpg\" data-orig-size=\"587,440\" data-comments-opened=\"1\" data-image-meta=\"{&quot;aperture&quot;:&quot;0&quot;,&quot;credit&quot;:&quot;&quot;,&quot;camera&quot;:&quot;&quot;,&quot;caption&quot;:&quot;&quot;,&quot;created_timestamp&quot;:&quot;0&quot;,&quot;copyright&quot;:&quot;&quot;,&quot;focal_length&quot;:&quot;0&quot;,&quot;iso&quot;:&quot;0&quot;,&quot;shutter_speed&quot;:&quot;0&quot;,&quot;title&quot;:&quot;&quot;,&quot;orientation&quot;:&quot;0&quot;}\" data-image-title=\"20180412_140806_587_440_90\" data-image-description=\"\" data-medium-file=\"https:\/\/iesmgkorreas.com\/proyectoeuropa2024\/wp-content\/uploads\/2018\/06\/20180412_140806_587_440_90-300x225.jpg\" data-large-file=\"https:\/\/iesmgkorreas.com\/proyectoeuropa2024\/wp-content\/uploads\/2018\/06\/20180412_140806_587_440_90.jpg\" style=\"margin: 2px\" src=\"https:\/\/iesmgkorreas.com\/proyectoeuropa2024\/wp-content\/uploads\/2018\/06\/20180412_140806_587_440_90-171x171.jpg\" width=171 height=171 title=\"20180412_140806_587_440_90\" \/><\/a><\/div><div class=\"tiled-gallery-item\"><a border=\"0\" href=\"https:\/\/iesmgkorreas.com\/proyectoeuropa2024\/index.php\/reino-unido\/20180412_141013_587_440_90\/\"><img decoding=\"async\" data-attachment-id=\"560\" data-orig-file=\"https:\/\/iesmgkorreas.com\/proyectoeuropa2024\/wp-content\/uploads\/2018\/06\/20180412_141013_587_440_90.jpg\" data-orig-size=\"587,440\" data-comments-opened=\"1\" data-image-meta=\"{&quot;aperture&quot;:&quot;0&quot;,&quot;credit&quot;:&quot;&quot;,&quot;camera&quot;:&quot;&quot;,&quot;caption&quot;:&quot;&quot;,&quot;created_timestamp&quot;:&quot;0&quot;,&quot;copyright&quot;:&quot;&quot;,&quot;focal_length&quot;:&quot;0&quot;,&quot;iso&quot;:&quot;0&quot;,&quot;shutter_speed&quot;:&quot;0&quot;,&quot;title&quot;:&quot;&quot;,&quot;orientation&quot;:&quot;0&quot;}\" data-image-title=\"20180412_141013_587_440_90\" data-image-description=\"\" data-medium-file=\"https:\/\/iesmgkorreas.com\/proyectoeuropa2024\/wp-content\/uploads\/2018\/06\/20180412_141013_587_440_90-300x225.jpg\" data-large-file=\"https:\/\/iesmgkorreas.com\/proyectoeuropa2024\/wp-content\/uploads\/2018\/06\/20180412_141013_587_440_90.jpg\" style=\"margin: 2px\" src=\"https:\/\/iesmgkorreas.com\/proyectoeuropa2024\/wp-content\/uploads\/2018\/06\/20180412_141013_587_440_90-171x171.jpg\" width=171 height=171 title=\"20180412_141013_587_440_90\" \/><\/a><\/div><div class=\"tiled-gallery-item\"><a border=\"0\" href=\"https:\/\/iesmgkorreas.com\/proyectoeuropa2024\/index.php\/reino-unido\/20180412_141042_587_440_90\/\"><img decoding=\"async\" data-attachment-id=\"561\" data-orig-file=\"https:\/\/iesmgkorreas.com\/proyectoeuropa2024\/wp-content\/uploads\/2018\/06\/20180412_141042_587_440_90.jpg\" data-orig-size=\"587,440\" data-comments-opened=\"1\" data-image-meta=\"{&quot;aperture&quot;:&quot;0&quot;,&quot;credit&quot;:&quot;&quot;,&quot;camera&quot;:&quot;&quot;,&quot;caption&quot;:&quot;&quot;,&quot;created_timestamp&quot;:&quot;0&quot;,&quot;copyright&quot;:&quot;&quot;,&quot;focal_length&quot;:&quot;0&quot;,&quot;iso&quot;:&quot;0&quot;,&quot;shutter_speed&quot;:&quot;0&quot;,&quot;title&quot;:&quot;&quot;,&quot;orientation&quot;:&quot;0&quot;}\" data-image-title=\"20180412_141042_587_440_90\" data-image-description=\"\" data-medium-file=\"https:\/\/iesmgkorreas.com\/proyectoeuropa2024\/wp-content\/uploads\/2018\/06\/20180412_141042_587_440_90-300x225.jpg\" data-large-file=\"https:\/\/iesmgkorreas.com\/proyectoeuropa2024\/wp-content\/uploads\/2018\/06\/20180412_141042_587_440_90.jpg\" style=\"margin: 2px\" src=\"https:\/\/iesmgkorreas.com\/proyectoeuropa2024\/wp-content\/uploads\/2018\/06\/20180412_141042_587_440_90-171x171.jpg\" width=171 height=171 title=\"20180412_141042_587_440_90\" \/><\/a><\/div><div class=\"tiled-gallery-item\"><a border=\"0\" href=\"https:\/\/iesmgkorreas.com\/proyectoeuropa2024\/index.php\/reino-unido\/20180412_141050_001_587_440_90\/\"><img decoding=\"async\" data-attachment-id=\"562\" data-orig-file=\"https:\/\/iesmgkorreas.com\/proyectoeuropa2024\/wp-content\/uploads\/2018\/06\/20180412_141050_001_587_440_90.jpg\" data-orig-size=\"587,440\" data-comments-opened=\"1\" data-image-meta=\"{&quot;aperture&quot;:&quot;0&quot;,&quot;credit&quot;:&quot;&quot;,&quot;camera&quot;:&quot;&quot;,&quot;caption&quot;:&quot;&quot;,&quot;created_timestamp&quot;:&quot;0&quot;,&quot;copyright&quot;:&quot;&quot;,&quot;focal_length&quot;:&quot;0&quot;,&quot;iso&quot;:&quot;0&quot;,&quot;shutter_speed&quot;:&quot;0&quot;,&quot;title&quot;:&quot;&quot;,&quot;orientation&quot;:&quot;0&quot;}\" data-image-title=\"20180412_141050_001_587_440_90\" data-image-description=\"\" data-medium-file=\"https:\/\/iesmgkorreas.com\/proyectoeuropa2024\/wp-content\/uploads\/2018\/06\/20180412_141050_001_587_440_90-300x225.jpg\" data-large-file=\"https:\/\/iesmgkorreas.com\/proyectoeuropa2024\/wp-content\/uploads\/2018\/06\/20180412_141050_001_587_440_90.jpg\" style=\"margin: 2px\" src=\"https:\/\/iesmgkorreas.com\/proyectoeuropa2024\/wp-content\/uploads\/2018\/06\/20180412_141050_001_587_440_90-171x171.jpg\" width=171 height=171 title=\"20180412_141050_001_587_440_90\" \/><\/a><\/div><div class=\"tiled-gallery-item\"><a border=\"0\" href=\"https:\/\/iesmgkorreas.com\/proyectoeuropa2024\/index.php\/reino-unido\/20180412_141058_587_440_90\/\"><img decoding=\"async\" data-attachment-id=\"563\" data-orig-file=\"https:\/\/iesmgkorreas.com\/proyectoeuropa2024\/wp-content\/uploads\/2018\/06\/20180412_141058_587_440_90.jpg\" data-orig-size=\"587,440\" data-comments-opened=\"1\" data-image-meta=\"{&quot;aperture&quot;:&quot;0&quot;,&quot;credit&quot;:&quot;&quot;,&quot;camera&quot;:&quot;&quot;,&quot;caption&quot;:&quot;&quot;,&quot;created_timestamp&quot;:&quot;0&quot;,&quot;copyright&quot;:&quot;&quot;,&quot;focal_length&quot;:&quot;0&quot;,&quot;iso&quot;:&quot;0&quot;,&quot;shutter_speed&quot;:&quot;0&quot;,&quot;title&quot;:&quot;&quot;,&quot;orientation&quot;:&quot;0&quot;}\" data-image-title=\"20180412_141058_587_440_90\" data-image-description=\"\" data-medium-file=\"https:\/\/iesmgkorreas.com\/proyectoeuropa2024\/wp-content\/uploads\/2018\/06\/20180412_141058_587_440_90-300x225.jpg\" data-large-file=\"https:\/\/iesmgkorreas.com\/proyectoeuropa2024\/wp-content\/uploads\/2018\/06\/20180412_141058_587_440_90.jpg\" style=\"margin: 2px\" src=\"https:\/\/iesmgkorreas.com\/proyectoeuropa2024\/wp-content\/uploads\/2018\/06\/20180412_141058_587_440_90-171x171.jpg\" width=171 height=171 title=\"20180412_141058_587_440_90\" \/><\/a><\/div><div class=\"tiled-gallery-item\"><a border=\"0\" href=\"https:\/\/iesmgkorreas.com\/proyectoeuropa2024\/index.php\/reino-unido\/20180412_141144_587_440_90\/\"><img decoding=\"async\" data-attachment-id=\"564\" data-orig-file=\"https:\/\/iesmgkorreas.com\/proyectoeuropa2024\/wp-content\/uploads\/2018\/06\/20180412_141144_587_440_90.jpg\" data-orig-size=\"587,440\" data-comments-opened=\"1\" data-image-meta=\"{&quot;aperture&quot;:&quot;0&quot;,&quot;credit&quot;:&quot;&quot;,&quot;camera&quot;:&quot;&quot;,&quot;caption&quot;:&quot;&quot;,&quot;created_timestamp&quot;:&quot;0&quot;,&quot;copyright&quot;:&quot;&quot;,&quot;focal_length&quot;:&quot;0&quot;,&quot;iso&quot;:&quot;0&quot;,&quot;shutter_speed&quot;:&quot;0&quot;,&quot;title&quot;:&quot;&quot;,&quot;orientation&quot;:&quot;0&quot;}\" data-image-title=\"20180412_141144_587_440_90\" data-image-description=\"\" data-medium-file=\"https:\/\/iesmgkorreas.com\/proyectoeuropa2024\/wp-content\/uploads\/2018\/06\/20180412_141144_587_440_90-300x225.jpg\" data-large-file=\"https:\/\/iesmgkorreas.com\/proyectoeuropa2024\/wp-content\/uploads\/2018\/06\/20180412_141144_587_440_90.jpg\" style=\"margin: 2px\" src=\"https:\/\/iesmgkorreas.com\/proyectoeuropa2024\/wp-content\/uploads\/2018\/06\/20180412_141144_587_440_90-171x171.jpg\" width=171 height=171 title=\"20180412_141144_587_440_90\" \/><\/a><\/div><\/div>\n<p><iframe loading=\"lazy\" src=\"https:\/\/www.youtube.com\/embed\/23jrxnkieWg\" width=\"560\" height=\"315\" frameborder=\"0\" allowfullscreen=\"allowfullscreen\"><\/iframe><\/p>\n","protected":false},"excerpt":{"rendered":"<p>Realizada por alumnos de ESO 2\u00ba PMAR A Profesora: Ana Materia: Ingl\u00e9s: Actividad:\u00a0En las siguientes fotos podemos ver una actividad enmarcada dentro del proyecto \u00abEuropa\u00bb, en la que han participado los alumnos de 2\u00ba de la ESO y de 2\u00ba de PMAR. El padre de una alumna del centro ha compartido con nosotros su experiencia &hellip; <\/p>\n<p class=\"link-more\"><a href=\"https:\/\/iesmgkorreas.com\/proyectoeuropa2024\/index.php\/reino-unido\/\" class=\"more-link\">Continuar leyendo<span class=\"screen-reader-text\"> \u00abReino Unido\u00bb<\/span><\/a><\/p>\n","protected":false},"author":1,"featured_media":0,"parent":0,"menu_order":0,"comment_status":"closed","ping_status":"closed","template":"","meta":{"footnotes":""},"_links":{"self":[{"href":"https:\/\/iesmgkorreas.com\/proyectoeuropa2024\/index.php\/wp-json\/wp\/v2\/pages\/49"}],"collection":[{"href":"https:\/\/iesmgkorreas.com\/proyectoeuropa2024\/index.php\/wp-json\/wp\/v2\/pages"}],"about":[{"href":"https:\/\/iesmgkorreas.com\/proyectoeuropa2024\/index.php\/wp-json\/wp\/v2\/types\/page"}],"author":[{"embeddable":true,"href":"https:\/\/iesmgkorreas.com\/proyectoeuropa2024\/index.php\/wp-json\/wp\/v2\/users\/1"}],"replies":[{"embeddable":true,"href":"https:\/\/iesmgkorreas.com\/proyectoeuropa2024\/index.php\/wp-json\/wp\/v2\/comments?post=49"}],"version-history":[{"count":6,"href":"https:\/\/iesmgkorreas.com\/proyectoeuropa2024\/index.php\/wp-json\/wp\/v2\/pages\/49\/revisions"}],"predecessor-version":[{"id":567,"href":"https:\/\/iesmgkorreas.com\/proyectoeuropa2024\/index.php\/wp-json\/wp\/v2\/pages\/49\/revisions\/567"}],"wp:attachment":[{"href":"https:\/\/iesmgkorreas.com\/proyectoeuropa2024\/index.php\/wp-json\/wp\/v2\/media?parent=49"}],"curies":[{"name":"wp","href":"https:\/\/api.w.org\/{rel}","templated":true}]}}