{"id":245,"date":"2018-05-21T09:02:16","date_gmt":"2018-05-21T09:02:16","guid":{"rendered":"http:\/\/www.bibliogonzalokorreas.com\/proyectoeuropa\/?page_id=245"},"modified":"2018-06-19T07:16:33","modified_gmt":"2018-06-19T07:16:33","slug":"rusia","status":"publish","type":"page","link":"https:\/\/iesmgkorreas.com\/proyectoeuropa2024\/index.php\/rusia\/","title":{"rendered":"Rusia"},"content":{"rendered":"<h1><strong>Realizada por alumnos de ESO 1\u00ba B<br \/>\n<\/strong><\/h1>\n<p align=\"left\"><span style=\"color: #800080;\">Profesoras: Pilar y Arancha<br \/>\n<\/span><\/p>\n<p align=\"left\"><span style=\"color: #800080;\">Materia: Lengua<br \/>\n<\/span><\/p>\n<p align=\"left\"><span style=\"color: #800080;\">Actividad:<\/span> V\u00eddeo de viaje a Rusia<\/p>\n<div style=\"position: relative; height: 0; padding-bottom: 56.25%;\"><iframe loading=\"lazy\" style=\"position: absolute; width: 100%; height: 100%; left: 0;\" src=\"https:\/\/www.youtube.com\/embed\/xFl5yEC968s?ecver=2\" width=\"640\" height=\"360\" frameborder=\"0\" allowfullscreen=\"allowfullscreen\"><\/iframe><\/div>\n<hr \/>\n<p align=\"left\"><span style=\"color: #800080;\">Profesor: <\/span><\/p>\n<p align=\"left\"><span style=\"color: #800080;\">Materia:<\/span><\/p>\n<p align=\"left\"><span style=\"color: #800080;\">Actividad:<\/span><\/p>\n<div style=\"position: relative; height: 0px; padding-bottom: 75%;\"><iframe loading=\"lazy\" style=\"position: absolute; width: 100%; height: 100%; left: 0px;\" src=\"https:\/\/www.youtube.com\/embed\/hEivn2EIedI?ecver=2\" width=\"480\" height=\"360\" frameborder=\"0\" allowfullscreen=\"allowfullscreen\"><\/iframe><\/div>\n<div><\/div>\n<hr \/>\n<div>\n<p align=\"left\"><span style=\"color: #800080;\">Profesor:<\/span><\/p>\n<p align=\"left\"><span style=\"color: #800080;\">Materia: Matem\u00e1ticas<\/span><\/p>\n<p align=\"left\"><span style=\"color: #800080;\">Actividad:<\/span><\/p>\n<div data-carousel-extra='{\"blog_id\":1,\"permalink\":\"https:\\\/\\\/iesmgkorreas.com\\\/proyectoeuropa2024\\\/index.php\\\/rusia\\\/\"}' class=\"tiled-gallery type-square\" data-original-width=\"525\"><div class=\"tiled-gallery-item\"><a border=\"0\" href=\"https:\/\/iesmgkorreas.com\/proyectoeuropa2024\/index.php\/rusia\/rusia1\/\"><img decoding=\"async\" data-attachment-id=\"291\" data-orig-file=\"https:\/\/iesmgkorreas.com\/proyectoeuropa2024\/wp-content\/uploads\/2018\/05\/RUSIA1.jpg\" data-orig-size=\"800,600\" data-comments-opened=\"1\" data-image-meta=\"{&quot;aperture&quot;:&quot;1.8&quot;,&quot;credit&quot;:&quot;&quot;,&quot;camera&quot;:&quot;iPhone 7&quot;,&quot;caption&quot;:&quot;&quot;,&quot;created_timestamp&quot;:&quot;1526296085&quot;,&quot;copyright&quot;:&quot;&quot;,&quot;focal_length&quot;:&quot;3.99&quot;,&quot;iso&quot;:&quot;20&quot;,&quot;shutter_speed&quot;:&quot;0.03030303030303&quot;,&quot;title&quot;:&quot;&quot;,&quot;orientation&quot;:&quot;1&quot;}\" data-image-title=\"RUSIA1\" data-image-description=\"\" data-medium-file=\"https:\/\/iesmgkorreas.com\/proyectoeuropa2024\/wp-content\/uploads\/2018\/05\/RUSIA1-300x225.jpg\" data-large-file=\"https:\/\/iesmgkorreas.com\/proyectoeuropa2024\/wp-content\/uploads\/2018\/05\/RUSIA1.jpg\" style=\"margin: 2px\" src=\"https:\/\/iesmgkorreas.com\/proyectoeuropa2024\/wp-content\/uploads\/2018\/05\/RUSIA1-171x171.jpg\" width=171 height=171 title=\"RUSIA1\" \/><\/a><\/div><div class=\"tiled-gallery-item\"><a border=\"0\" href=\"https:\/\/iesmgkorreas.com\/proyectoeuropa2024\/index.php\/rusia\/img_9940\/\"><img decoding=\"async\" data-attachment-id=\"290\" data-orig-file=\"https:\/\/iesmgkorreas.com\/proyectoeuropa2024\/wp-content\/uploads\/2018\/05\/IMG_9940-e1526901988679.jpg\" data-orig-size=\"600,800\" data-comments-opened=\"1\" data-image-meta=\"{&quot;aperture&quot;:&quot;1.8&quot;,&quot;credit&quot;:&quot;&quot;,&quot;camera&quot;:&quot;iPhone 7&quot;,&quot;caption&quot;:&quot;&quot;,&quot;created_timestamp&quot;:&quot;1526296080&quot;,&quot;copyright&quot;:&quot;&quot;,&quot;focal_length&quot;:&quot;3.99&quot;,&quot;iso&quot;:&quot;32&quot;,&quot;shutter_speed&quot;:&quot;0.03030303030303&quot;,&quot;title&quot;:&quot;&quot;,&quot;orientation&quot;:&quot;6&quot;}\" data-image-title=\"IMG_9940\" data-image-description=\"\" data-medium-file=\"https:\/\/iesmgkorreas.com\/proyectoeuropa2024\/wp-content\/uploads\/2018\/05\/IMG_9940-e1526901988679-225x300.jpg\" data-large-file=\"https:\/\/iesmgkorreas.com\/proyectoeuropa2024\/wp-content\/uploads\/2018\/05\/IMG_9940-e1526901988679.jpg\" style=\"margin: 2px\" src=\"https:\/\/iesmgkorreas.com\/proyectoeuropa2024\/wp-content\/uploads\/2018\/05\/IMG_9940-e1526901988679-171x171.jpg\" width=171 height=171 title=\"IMG_9940\" \/><\/a><\/div><div class=\"tiled-gallery-item\"><a border=\"0\" href=\"https:\/\/iesmgkorreas.com\/proyectoeuropa2024\/index.php\/rusia\/img_9939\/\"><img decoding=\"async\" data-attachment-id=\"289\" data-orig-file=\"https:\/\/iesmgkorreas.com\/proyectoeuropa2024\/wp-content\/uploads\/2018\/05\/IMG_9939-e1526901981727.jpg\" data-orig-size=\"600,800\" data-comments-opened=\"1\" data-image-meta=\"{&quot;aperture&quot;:&quot;1.8&quot;,&quot;credit&quot;:&quot;&quot;,&quot;camera&quot;:&quot;iPhone 7&quot;,&quot;caption&quot;:&quot;&quot;,&quot;created_timestamp&quot;:&quot;1526296077&quot;,&quot;copyright&quot;:&quot;&quot;,&quot;focal_length&quot;:&quot;3.99&quot;,&quot;iso&quot;:&quot;40&quot;,&quot;shutter_speed&quot;:&quot;0.03030303030303&quot;,&quot;title&quot;:&quot;&quot;,&quot;orientation&quot;:&quot;6&quot;}\" data-image-title=\"IMG_9939\" data-image-description=\"\" data-medium-file=\"https:\/\/iesmgkorreas.com\/proyectoeuropa2024\/wp-content\/uploads\/2018\/05\/IMG_9939-e1526901981727-225x300.jpg\" data-large-file=\"https:\/\/iesmgkorreas.com\/proyectoeuropa2024\/wp-content\/uploads\/2018\/05\/IMG_9939-e1526901981727.jpg\" style=\"margin: 2px\" src=\"https:\/\/iesmgkorreas.com\/proyectoeuropa2024\/wp-content\/uploads\/2018\/05\/IMG_9939-e1526901981727-171x171.jpg\" width=171 height=171 title=\"IMG_9939\" \/><\/a><\/div><\/div>\n<\/div>\n<div><\/div>\n<div><\/div>\n<div>\n<hr \/>\n<p align=\"left\"><span style=\"color: #800080;\">Profesora:\u00a0 Milagros<\/span><\/p>\n<p align=\"left\"><span style=\"color: #800080;\">Materia: Ingl\u00e9s<\/span><\/p>\n<p align=\"left\"><span style=\"color: #800080;\">Actividad:<\/span><\/p>\n<\/div>\n<div style=\"position: relative; height: 0px; padding-bottom: 75%;\"><iframe loading=\"lazy\" style=\"position: absolute; width: 100%; height: 100%; left: 0px;\" src=\"https:\/\/www.youtube.com\/embed\/HSiOFUGUIdk?ecver=2\" width=\"480\" height=\"360\" frameborder=\"0\" allowfullscreen=\"allowfullscreen\"><\/iframe><\/div>\n<div><\/div>\n<hr \/>\n<p align=\"left\"><span style=\"color: #800080;\">Profesora:\u00a0 Rebeca<\/span><\/p>\n<p align=\"left\"><span style=\"color: #800080;\">Materia: Religi\u00f3n<\/span><\/p>\n<p align=\"left\"><span style=\"color: #800080;\">Actividad:<\/span> Hemos trabajado las caracter\u00edsticas de la religi\u00f3n mayoritaria de Rusia (Iglesia ortodoxa rusa \u2248 17,5 %) compar\u00e1ndola con la religi\u00f3n mayoritaria de Espa\u00f1a (cristianismo cat\u00f3lico). Se han realizado por grupos de tres o cuatro alumno\/as b\u00fasquedas en Internet sobre los ritos, celebraciones, libros sagrados, moral, representante, santos, templos m\u00e1s importantes del pa\u00eds, etc. Por ejemplo: Vladimir I, Cathedral of Christ the Saviour, Catedral San Basilio, Patriarca de Mosc\u00fa, etc.<\/p>\n<div data-carousel-extra='{\"blog_id\":1,\"permalink\":\"https:\\\/\\\/iesmgkorreas.com\\\/proyectoeuropa2024\\\/index.php\\\/rusia\\\/\"}' class=\"tiled-gallery type-circle\" data-original-width=\"525\"><div class=\"tiled-gallery-item\"><a border=\"0\" href=\"https:\/\/iesmgkorreas.com\/proyectoeuropa2024\/index.php\/rusia\/img_3799\/\"><img decoding=\"async\" data-attachment-id=\"486\" data-orig-file=\"https:\/\/iesmgkorreas.com\/proyectoeuropa2024\/wp-content\/uploads\/2018\/05\/IMG_3799.jpg\" data-orig-size=\"1024,768\" data-comments-opened=\"1\" data-image-meta=\"{&quot;aperture&quot;:&quot;1.8&quot;,&quot;credit&quot;:&quot;&quot;,&quot;camera&quot;:&quot;iPhone 7&quot;,&quot;caption&quot;:&quot;&quot;,&quot;created_timestamp&quot;:&quot;1521802826&quot;,&quot;copyright&quot;:&quot;&quot;,&quot;focal_length&quot;:&quot;3.99&quot;,&quot;iso&quot;:&quot;40&quot;,&quot;shutter_speed&quot;:&quot;0.03030303030303&quot;,&quot;title&quot;:&quot;&quot;,&quot;orientation&quot;:&quot;1&quot;}\" data-image-title=\"IMG_3799\" data-image-description=\"\" data-medium-file=\"https:\/\/iesmgkorreas.com\/proyectoeuropa2024\/wp-content\/uploads\/2018\/05\/IMG_3799-300x225.jpg\" data-large-file=\"https:\/\/iesmgkorreas.com\/proyectoeuropa2024\/wp-content\/uploads\/2018\/05\/IMG_3799-1024x768.jpg\" style=\"margin: 2px\" src=\"https:\/\/iesmgkorreas.com\/proyectoeuropa2024\/wp-content\/uploads\/2018\/05\/IMG_3799-519x519.jpg\" width=519 height=519 title=\"IMG_3799\" \/><\/a><\/div><div class=\"tiled-gallery-item\"><a border=\"0\" href=\"https:\/\/iesmgkorreas.com\/proyectoeuropa2024\/index.php\/rusia\/img_3800\/\"><img decoding=\"async\" data-attachment-id=\"487\" data-orig-file=\"https:\/\/iesmgkorreas.com\/proyectoeuropa2024\/wp-content\/uploads\/2018\/05\/IMG_3800.jpg\" data-orig-size=\"1024,768\" data-comments-opened=\"1\" data-image-meta=\"{&quot;aperture&quot;:&quot;1.8&quot;,&quot;credit&quot;:&quot;&quot;,&quot;camera&quot;:&quot;iPhone 7&quot;,&quot;caption&quot;:&quot;&quot;,&quot;created_timestamp&quot;:&quot;1521802828&quot;,&quot;copyright&quot;:&quot;&quot;,&quot;focal_length&quot;:&quot;3.99&quot;,&quot;iso&quot;:&quot;25&quot;,&quot;shutter_speed&quot;:&quot;0.03030303030303&quot;,&quot;title&quot;:&quot;&quot;,&quot;orientation&quot;:&quot;1&quot;}\" data-image-title=\"IMG_3800\" data-image-description=\"\" data-medium-file=\"https:\/\/iesmgkorreas.com\/proyectoeuropa2024\/wp-content\/uploads\/2018\/05\/IMG_3800-300x225.jpg\" data-large-file=\"https:\/\/iesmgkorreas.com\/proyectoeuropa2024\/wp-content\/uploads\/2018\/05\/IMG_3800-1024x768.jpg\" style=\"margin: 2px\" src=\"https:\/\/iesmgkorreas.com\/proyectoeuropa2024\/wp-content\/uploads\/2018\/05\/IMG_3800-171x171.jpg\" width=171 height=171 title=\"IMG_3800\" \/><\/a><\/div><div class=\"tiled-gallery-item\"><a border=\"0\" href=\"https:\/\/iesmgkorreas.com\/proyectoeuropa2024\/index.php\/rusia\/img_5137\/\"><img decoding=\"async\" data-attachment-id=\"488\" data-orig-file=\"https:\/\/iesmgkorreas.com\/proyectoeuropa2024\/wp-content\/uploads\/2018\/05\/IMG_5137.jpg\" data-orig-size=\"781,768\" data-comments-opened=\"1\" data-image-meta=\"{&quot;aperture&quot;:&quot;1.8&quot;,&quot;credit&quot;:&quot;&quot;,&quot;camera&quot;:&quot;iPhone 7&quot;,&quot;caption&quot;:&quot;&quot;,&quot;created_timestamp&quot;:&quot;1526642879&quot;,&quot;copyright&quot;:&quot;&quot;,&quot;focal_length&quot;:&quot;3.99&quot;,&quot;iso&quot;:&quot;20&quot;,&quot;shutter_speed&quot;:&quot;0.0058139534883721&quot;,&quot;title&quot;:&quot;&quot;,&quot;orientation&quot;:&quot;0&quot;}\" data-image-title=\"IMG_5137\" data-image-description=\"\" data-medium-file=\"https:\/\/iesmgkorreas.com\/proyectoeuropa2024\/wp-content\/uploads\/2018\/05\/IMG_5137-300x295.jpg\" data-large-file=\"https:\/\/iesmgkorreas.com\/proyectoeuropa2024\/wp-content\/uploads\/2018\/05\/IMG_5137.jpg\" style=\"margin: 2px\" src=\"https:\/\/iesmgkorreas.com\/proyectoeuropa2024\/wp-content\/uploads\/2018\/05\/IMG_5137-171x171.jpg\" width=171 height=171 title=\"IMG_5137\" \/><\/a><\/div><div class=\"tiled-gallery-item\"><a border=\"0\" href=\"https:\/\/iesmgkorreas.com\/proyectoeuropa2024\/index.php\/rusia\/img_5138\/\"><img decoding=\"async\" data-attachment-id=\"489\" data-orig-file=\"https:\/\/iesmgkorreas.com\/proyectoeuropa2024\/wp-content\/uploads\/2018\/05\/IMG_5138.jpg\" data-orig-size=\"1024,477\" data-comments-opened=\"1\" data-image-meta=\"{&quot;aperture&quot;:&quot;1.8&quot;,&quot;credit&quot;:&quot;&quot;,&quot;camera&quot;:&quot;iPhone 7&quot;,&quot;caption&quot;:&quot;&quot;,&quot;created_timestamp&quot;:&quot;1526642967&quot;,&quot;copyright&quot;:&quot;&quot;,&quot;focal_length&quot;:&quot;3.99&quot;,&quot;iso&quot;:&quot;20&quot;,&quot;shutter_speed&quot;:&quot;0.0017452006980803&quot;,&quot;title&quot;:&quot;&quot;,&quot;orientation&quot;:&quot;0&quot;}\" data-image-title=\"IMG_5138\" data-image-description=\"\" data-medium-file=\"https:\/\/iesmgkorreas.com\/proyectoeuropa2024\/wp-content\/uploads\/2018\/05\/IMG_5138-300x140.jpg\" data-large-file=\"https:\/\/iesmgkorreas.com\/proyectoeuropa2024\/wp-content\/uploads\/2018\/05\/IMG_5138-1024x477.jpg\" style=\"margin: 2px\" src=\"https:\/\/iesmgkorreas.com\/proyectoeuropa2024\/wp-content\/uploads\/2018\/05\/IMG_5138-171x171.jpg\" width=171 height=171 title=\"IMG_5138\" \/><\/a><\/div><div class=\"tiled-gallery-item\"><a border=\"0\" href=\"https:\/\/iesmgkorreas.com\/proyectoeuropa2024\/index.php\/rusia\/img_5139\/\"><img decoding=\"async\" data-attachment-id=\"490\" data-orig-file=\"https:\/\/iesmgkorreas.com\/proyectoeuropa2024\/wp-content\/uploads\/2018\/05\/IMG_5139.jpg\" data-orig-size=\"384,768\" data-comments-opened=\"1\" data-image-meta=\"{&quot;aperture&quot;:&quot;1.8&quot;,&quot;credit&quot;:&quot;&quot;,&quot;camera&quot;:&quot;iPhone 7&quot;,&quot;caption&quot;:&quot;&quot;,&quot;created_timestamp&quot;:&quot;1526642980&quot;,&quot;copyright&quot;:&quot;&quot;,&quot;focal_length&quot;:&quot;3.99&quot;,&quot;iso&quot;:&quot;32&quot;,&quot;shutter_speed&quot;:&quot;0.01&quot;,&quot;title&quot;:&quot;&quot;,&quot;orientation&quot;:&quot;0&quot;}\" data-image-title=\"IMG_5139\" data-image-description=\"\" data-medium-file=\"https:\/\/iesmgkorreas.com\/proyectoeuropa2024\/wp-content\/uploads\/2018\/05\/IMG_5139-150x300.jpg\" data-large-file=\"https:\/\/iesmgkorreas.com\/proyectoeuropa2024\/wp-content\/uploads\/2018\/05\/IMG_5139.jpg\" style=\"margin: 2px\" src=\"https:\/\/iesmgkorreas.com\/proyectoeuropa2024\/wp-content\/uploads\/2018\/05\/IMG_5139-171x171.jpg\" width=171 height=171 title=\"IMG_5139\" \/><\/a><\/div><div class=\"tiled-gallery-item\"><a border=\"0\" href=\"https:\/\/iesmgkorreas.com\/proyectoeuropa2024\/index.php\/rusia\/img_5141\/\"><img decoding=\"async\" data-attachment-id=\"491\" data-orig-file=\"https:\/\/iesmgkorreas.com\/proyectoeuropa2024\/wp-content\/uploads\/2018\/05\/IMG_5141.jpg\" data-orig-size=\"747,768\" data-comments-opened=\"1\" data-image-meta=\"{&quot;aperture&quot;:&quot;1.8&quot;,&quot;credit&quot;:&quot;&quot;,&quot;camera&quot;:&quot;iPhone 7&quot;,&quot;caption&quot;:&quot;&quot;,&quot;created_timestamp&quot;:&quot;1526642988&quot;,&quot;copyright&quot;:&quot;&quot;,&quot;focal_length&quot;:&quot;3.99&quot;,&quot;iso&quot;:&quot;40&quot;,&quot;shutter_speed&quot;:&quot;0.01&quot;,&quot;title&quot;:&quot;&quot;,&quot;orientation&quot;:&quot;0&quot;}\" data-image-title=\"IMG_5141\" data-image-description=\"\" data-medium-file=\"https:\/\/iesmgkorreas.com\/proyectoeuropa2024\/wp-content\/uploads\/2018\/05\/IMG_5141-292x300.jpg\" data-large-file=\"https:\/\/iesmgkorreas.com\/proyectoeuropa2024\/wp-content\/uploads\/2018\/05\/IMG_5141.jpg\" style=\"margin: 2px\" src=\"https:\/\/iesmgkorreas.com\/proyectoeuropa2024\/wp-content\/uploads\/2018\/05\/IMG_5141-171x171.jpg\" width=171 height=171 title=\"IMG_5141\" \/><\/a><\/div><div class=\"tiled-gallery-item\"><a border=\"0\" href=\"https:\/\/iesmgkorreas.com\/proyectoeuropa2024\/index.php\/rusia\/img_5142\/\"><img decoding=\"async\" data-attachment-id=\"492\" data-orig-file=\"https:\/\/iesmgkorreas.com\/proyectoeuropa2024\/wp-content\/uploads\/2018\/05\/IMG_5142.jpg\" data-orig-size=\"374,768\" data-comments-opened=\"1\" data-image-meta=\"{&quot;aperture&quot;:&quot;1.8&quot;,&quot;credit&quot;:&quot;&quot;,&quot;camera&quot;:&quot;iPhone 7&quot;,&quot;caption&quot;:&quot;&quot;,&quot;created_timestamp&quot;:&quot;1526642991&quot;,&quot;copyright&quot;:&quot;&quot;,&quot;focal_length&quot;:&quot;3.99&quot;,&quot;iso&quot;:&quot;20&quot;,&quot;shutter_speed&quot;:&quot;0.0023310023310023&quot;,&quot;title&quot;:&quot;&quot;,&quot;orientation&quot;:&quot;0&quot;}\" data-image-title=\"IMG_5142\" data-image-description=\"\" data-medium-file=\"https:\/\/iesmgkorreas.com\/proyectoeuropa2024\/wp-content\/uploads\/2018\/05\/IMG_5142-146x300.jpg\" data-large-file=\"https:\/\/iesmgkorreas.com\/proyectoeuropa2024\/wp-content\/uploads\/2018\/05\/IMG_5142.jpg\" style=\"margin: 2px\" src=\"https:\/\/iesmgkorreas.com\/proyectoeuropa2024\/wp-content\/uploads\/2018\/05\/IMG_5142-171x171.jpg\" width=171 height=171 title=\"IMG_5142\" \/><\/a><\/div><\/div>\n<hr \/>\n<p align=\"left\"><span style=\"color: #800080;\">Profesora: Cristina<br \/>\n<\/span><\/p>\n<p align=\"left\"><span style=\"color: #800080;\">Materia: M\u00fasica<\/span><\/p>\n<p align=\"left\"><span style=\"color: #800080;\">Actividad:\u00a0<span style=\"color: #000000;\">Elaboraci\u00f3n de musicogramas.<\/span><\/span><\/p>\n<div data-carousel-extra='{\"blog_id\":1,\"permalink\":\"https:\\\/\\\/iesmgkorreas.com\\\/proyectoeuropa2024\\\/index.php\\\/rusia\\\/\"}' class=\"tiled-gallery type-circle\" data-original-width=\"525\"><div class=\"tiled-gallery-item\"><a border=\"0\" href=\"https:\/\/iesmgkorreas.com\/proyectoeuropa2024\/index.php\/rusia\/dav-3\/\"><img decoding=\"async\" data-attachment-id=\"594\" data-orig-file=\"https:\/\/iesmgkorreas.com\/proyectoeuropa2024\/wp-content\/uploads\/2018\/06\/IMG_20180529_132015.jpg\" data-orig-size=\"1024,768\" data-comments-opened=\"1\" data-image-meta=\"{&quot;aperture&quot;:&quot;2.2&quot;,&quot;credit&quot;:&quot;&quot;,&quot;camera&quot;:&quot;EVA-L09&quot;,&quot;caption&quot;:&quot;dav&quot;,&quot;created_timestamp&quot;:&quot;1527600015&quot;,&quot;copyright&quot;:&quot;&quot;,&quot;focal_length&quot;:&quot;4.5&quot;,&quot;iso&quot;:&quot;125&quot;,&quot;shutter_speed&quot;:&quot;0.02&quot;,&quot;title&quot;:&quot;dav&quot;,&quot;orientation&quot;:&quot;1&quot;}\" data-image-title=\"dav\" data-image-description=\"\" data-medium-file=\"https:\/\/iesmgkorreas.com\/proyectoeuropa2024\/wp-content\/uploads\/2018\/06\/IMG_20180529_132015-300x225.jpg\" data-large-file=\"https:\/\/iesmgkorreas.com\/proyectoeuropa2024\/wp-content\/uploads\/2018\/06\/IMG_20180529_132015-1024x768.jpg\" style=\"margin: 2px\" src=\"https:\/\/iesmgkorreas.com\/proyectoeuropa2024\/wp-content\/uploads\/2018\/06\/IMG_20180529_132015-171x171.jpg\" width=171 height=171 title=\"dav\" \/><\/a><div class=\"tiled-gallery-caption\">dav<\/div><\/div><div class=\"tiled-gallery-item\"><a border=\"0\" href=\"https:\/\/iesmgkorreas.com\/proyectoeuropa2024\/index.php\/rusia\/dav\/\"><img decoding=\"async\" data-attachment-id=\"592\" data-orig-file=\"https:\/\/iesmgkorreas.com\/proyectoeuropa2024\/wp-content\/uploads\/2018\/06\/IMG_20180522_131759.jpg\" data-orig-size=\"1024,768\" data-comments-opened=\"1\" data-image-meta=\"{&quot;aperture&quot;:&quot;2.2&quot;,&quot;credit&quot;:&quot;&quot;,&quot;camera&quot;:&quot;EVA-L09&quot;,&quot;caption&quot;:&quot;dav&quot;,&quot;created_timestamp&quot;:&quot;1526995079&quot;,&quot;copyright&quot;:&quot;&quot;,&quot;focal_length&quot;:&quot;4.5&quot;,&quot;iso&quot;:&quot;160&quot;,&quot;shutter_speed&quot;:&quot;0.02&quot;,&quot;title&quot;:&quot;dav&quot;,&quot;orientation&quot;:&quot;1&quot;}\" data-image-title=\"dav\" data-image-description=\"\" data-medium-file=\"https:\/\/iesmgkorreas.com\/proyectoeuropa2024\/wp-content\/uploads\/2018\/06\/IMG_20180522_131759-300x225.jpg\" data-large-file=\"https:\/\/iesmgkorreas.com\/proyectoeuropa2024\/wp-content\/uploads\/2018\/06\/IMG_20180522_131759-1024x768.jpg\" style=\"margin: 2px\" src=\"https:\/\/iesmgkorreas.com\/proyectoeuropa2024\/wp-content\/uploads\/2018\/06\/IMG_20180522_131759-171x171.jpg\" width=171 height=171 title=\"dav\" \/><\/a><div class=\"tiled-gallery-caption\">dav<\/div><\/div><div class=\"tiled-gallery-item\"><a border=\"0\" href=\"https:\/\/iesmgkorreas.com\/proyectoeuropa2024\/index.php\/rusia\/dav-2\/\"><img decoding=\"async\" data-attachment-id=\"593\" data-orig-file=\"https:\/\/iesmgkorreas.com\/proyectoeuropa2024\/wp-content\/uploads\/2018\/06\/IMG_20180522_132532.jpg\" data-orig-size=\"1024,768\" data-comments-opened=\"1\" data-image-meta=\"{&quot;aperture&quot;:&quot;2.2&quot;,&quot;credit&quot;:&quot;&quot;,&quot;camera&quot;:&quot;EVA-L09&quot;,&quot;caption&quot;:&quot;dav&quot;,&quot;created_timestamp&quot;:&quot;1526995533&quot;,&quot;copyright&quot;:&quot;&quot;,&quot;focal_length&quot;:&quot;4.5&quot;,&quot;iso&quot;:&quot;160&quot;,&quot;shutter_speed&quot;:&quot;0.03&quot;,&quot;title&quot;:&quot;dav&quot;,&quot;orientation&quot;:&quot;1&quot;}\" data-image-title=\"dav\" data-image-description=\"\" data-medium-file=\"https:\/\/iesmgkorreas.com\/proyectoeuropa2024\/wp-content\/uploads\/2018\/06\/IMG_20180522_132532-300x225.jpg\" data-large-file=\"https:\/\/iesmgkorreas.com\/proyectoeuropa2024\/wp-content\/uploads\/2018\/06\/IMG_20180522_132532-1024x768.jpg\" style=\"margin: 2px\" src=\"https:\/\/iesmgkorreas.com\/proyectoeuropa2024\/wp-content\/uploads\/2018\/06\/IMG_20180522_132532-171x171.jpg\" width=171 height=171 title=\"dav\" \/><\/a><div class=\"tiled-gallery-caption\">dav<\/div><\/div><\/div>\n<hr \/>\n<p><span style=\"color: #800080;\">Profesora: Mar\u00eda<\/span><\/p>\n<p><span style=\"color: #800080;\">Materia: Educaci\u00f3n F\u00edsica<\/span><\/p>\n<p><span style=\"color: #800080;\">Alumnos: ESO 1\u00baA, 1\u00baB, 1\u00baC, 1\u00baE, 1\u00baF<\/span><\/p>\n<div style=\"position: relative; height: 0px; padding-bottom: 56.25%;\"><iframe loading=\"lazy\" style=\"position: absolute; width: 100%; height: 100%; left: 0px;\" src=\"https:\/\/www.youtube.com\/embed\/3IuFz1N1NkA?ecver=2\" width=\"640\" height=\"360\" frameborder=\"0\" allowfullscreen=\"allowfullscreen\"><\/iframe><\/div>\n<p>&nbsp;<\/p>\n<hr \/>\n<p>&nbsp;<\/p>\n<p align=\"left\"><span style=\"color: #800080;\">Profesor:<\/span><\/p>\n<p align=\"left\"><span style=\"color: #800080;\">Materia: <\/span><\/p>\n<p align=\"left\"><span style=\"color: #800080;\">Actividad: <\/span><\/p>\n<figure id=\"attachment_771\" aria-describedby=\"caption-attachment-771\" style=\"width: 225px\" class=\"wp-caption aligncenter\"><a href=\"https:\/\/iesmgkorreas.com\/proyectoeuropa20242024\/wp-content\/uploads\/2018\/06\/RUSIA.pdf\" target=\"_blank\" rel=\"noopener\"><img loading=\"lazy\" decoding=\"async\" class=\"wp-image-771 size-full\" src=\"https:\/\/iesmgkorreas.com\/proyectoeuropa20242024\/wp-content\/uploads\/2018\/06\/Tchaikovsky.jpeg\" alt=\"\" width=\"225\" height=\"225\" srcset=\"https:\/\/iesmgkorreas.com\/proyectoeuropa2024\/wp-content\/uploads\/2018\/06\/Tchaikovsky.jpeg 225w, https:\/\/iesmgkorreas.com\/proyectoeuropa2024\/wp-content\/uploads\/2018\/06\/Tchaikovsky-150x150.jpeg 150w, https:\/\/iesmgkorreas.com\/proyectoeuropa2024\/wp-content\/uploads\/2018\/06\/Tchaikovsky-100x100.jpeg 100w\" sizes=\"(max-width: 225px) 100vw, 225px\" \/><\/a><figcaption id=\"caption-attachment-771\" class=\"wp-caption-text\">Tchaikovsky<\/figcaption><\/figure>\n<hr \/>\n<p>&nbsp;<\/p>\n","protected":false},"excerpt":{"rendered":"<p>Realizada por alumnos de ESO 1\u00ba B Profesoras: Pilar y Arancha Materia: Lengua Actividad: V\u00eddeo de viaje a Rusia Profesor: Materia: Actividad: Profesor: Materia: Matem\u00e1ticas Actividad: Profesora:\u00a0 Milagros Materia: Ingl\u00e9s Actividad: Profesora:\u00a0 Rebeca Materia: Religi\u00f3n Actividad: Hemos trabajado las caracter\u00edsticas de la religi\u00f3n mayoritaria de Rusia (Iglesia ortodoxa rusa \u2248 17,5 %) compar\u00e1ndola con la &hellip; <\/p>\n<p class=\"link-more\"><a href=\"https:\/\/iesmgkorreas.com\/proyectoeuropa2024\/index.php\/rusia\/\" class=\"more-link\">Continuar leyendo<span class=\"screen-reader-text\"> \u00abRusia\u00bb<\/span><\/a><\/p>\n","protected":false},"author":1,"featured_media":0,"parent":0,"menu_order":0,"comment_status":"closed","ping_status":"closed","template":"","meta":{"footnotes":""},"_links":{"self":[{"href":"https:\/\/iesmgkorreas.com\/proyectoeuropa2024\/index.php\/wp-json\/wp\/v2\/pages\/245"}],"collection":[{"href":"https:\/\/iesmgkorreas.com\/proyectoeuropa2024\/index.php\/wp-json\/wp\/v2\/pages"}],"about":[{"href":"https:\/\/iesmgkorreas.com\/proyectoeuropa2024\/index.php\/wp-json\/wp\/v2\/types\/page"}],"author":[{"embeddable":true,"href":"https:\/\/iesmgkorreas.com\/proyectoeuropa2024\/index.php\/wp-json\/wp\/v2\/users\/1"}],"replies":[{"embeddable":true,"href":"https:\/\/iesmgkorreas.com\/proyectoeuropa2024\/index.php\/wp-json\/wp\/v2\/comments?post=245"}],"version-history":[{"count":18,"href":"https:\/\/iesmgkorreas.com\/proyectoeuropa2024\/index.php\/wp-json\/wp\/v2\/pages\/245\/revisions"}],"predecessor-version":[{"id":805,"href":"https:\/\/iesmgkorreas.com\/proyectoeuropa2024\/index.php\/wp-json\/wp\/v2\/pages\/245\/revisions\/805"}],"wp:attachment":[{"href":"https:\/\/iesmgkorreas.com\/proyectoeuropa2024\/index.php\/wp-json\/wp\/v2\/media?parent=245"}],"curies":[{"name":"wp","href":"https:\/\/api.w.org\/{rel}","templated":true}]}}