{"id":192,"date":"2018-05-18T12:51:15","date_gmt":"2018-05-18T12:51:15","guid":{"rendered":"http:\/\/www.bibliogonzalokorreas.com\/proyectoeuropa\/?page_id=192"},"modified":"2018-05-21T12:24:18","modified_gmt":"2018-05-21T12:24:18","slug":"kazajistan","status":"publish","type":"page","link":"https:\/\/iesmgkorreas.com\/proyectoeuropa2024\/index.php\/kazajistan\/","title":{"rendered":"Kazajist\u00e1n"},"content":{"rendered":"<h1><strong>Realizada por alumnos de BACH. 1\u00ba B<br \/>\n<\/strong><\/h1>\n<p><i>EUROPA EN EL IES: <\/i><i>PROFESORA: LAURA ROMERO HERN\u00c1NDEZ. <\/i><\/p>\n<p><i>ASIGNATURA: LENGUA CASTELLANA Y LITERATURA. <\/i><\/p>\n<p>MATERIA: LENGUA Y LITERATURA.<\/p>\n<p>1. Idioma oficial.<\/p>\n<p>2. Caracter\u00edsticas del kazajo.<\/p>\n<p>3. Or\u00edgenes y evoluci\u00f3n hist\u00f3rica.<\/p>\n<p>4. Literatura kazaja: principales etapas.<\/p>\n<p>5. Escritores en lengua kazaja.<\/p>\n<p>&nbsp;<\/p>\n","protected":false},"excerpt":{"rendered":"<p>Realizada por alumnos de BACH. 1\u00ba B EUROPA EN EL IES: PROFESORA: LAURA ROMERO HERN\u00c1NDEZ. ASIGNATURA: LENGUA CASTELLANA Y LITERATURA. MATERIA: LENGUA Y LITERATURA. 1. Idioma oficial. 2. Caracter\u00edsticas del kazajo. 3. Or\u00edgenes y evoluci\u00f3n hist\u00f3rica. 4. Literatura kazaja: principales etapas. 5. Escritores en lengua kazaja. &nbsp;<\/p>\n","protected":false},"author":1,"featured_media":0,"parent":0,"menu_order":0,"comment_status":"closed","ping_status":"closed","template":"","meta":{"footnotes":""},"_links":{"self":[{"href":"https:\/\/iesmgkorreas.com\/proyectoeuropa2024\/index.php\/wp-json\/wp\/v2\/pages\/192"}],"collection":[{"href":"https:\/\/iesmgkorreas.com\/proyectoeuropa2024\/index.php\/wp-json\/wp\/v2\/pages"}],"about":[{"href":"https:\/\/iesmgkorreas.com\/proyectoeuropa2024\/index.php\/wp-json\/wp\/v2\/types\/page"}],"author":[{"embeddable":true,"href":"https:\/\/iesmgkorreas.com\/proyectoeuropa2024\/index.php\/wp-json\/wp\/v2\/users\/1"}],"replies":[{"embeddable":true,"href":"https:\/\/iesmgkorreas.com\/proyectoeuropa2024\/index.php\/wp-json\/wp\/v2\/comments?post=192"}],"version-history":[{"count":3,"href":"https:\/\/iesmgkorreas.com\/proyectoeuropa2024\/index.php\/wp-json\/wp\/v2\/pages\/192\/revisions"}],"predecessor-version":[{"id":313,"href":"https:\/\/iesmgkorreas.com\/proyectoeuropa2024\/index.php\/wp-json\/wp\/v2\/pages\/192\/revisions\/313"}],"wp:attachment":[{"href":"https:\/\/iesmgkorreas.com\/proyectoeuropa2024\/index.php\/wp-json\/wp\/v2\/media?parent=192"}],"curies":[{"name":"wp","href":"https:\/\/api.w.org\/{rel}","templated":true}]}}