{"id":186,"date":"2018-05-18T12:50:18","date_gmt":"2018-05-18T12:50:18","guid":{"rendered":"http:\/\/www.bibliogonzalokorreas.com\/proyectoeuropa\/?page_id=186"},"modified":"2018-05-29T12:22:26","modified_gmt":"2018-05-29T12:22:26","slug":"hungria","status":"publish","type":"page","link":"https:\/\/iesmgkorreas.com\/proyectoeuropa2024\/index.php\/hungria\/","title":{"rendered":"Hungria"},"content":{"rendered":"<h1><strong>Realizada por alumnos de 2\u00aa FP B\u00a0 Mant. de Veh\u00edculos.<br \/>\n<\/strong><\/h1>\n<p><span style=\"color: #800080;\">PROFESOR: Roberto<\/span><\/p>\n<p><span style=\"color: #800080;\">MATERIA: Ingl\u00e9s<\/span><\/p>\n<p>ACTIVIDAD: Presentaci\u00f3n en una diapositiva sobre el cubo de Rubik<\/p>\n<p><img loading=\"lazy\" decoding=\"async\" class=\"size-full wp-image-427 aligncenter\" src=\"http:\/\/www.bibliogonzalokorreas.com\/proyectoeuropa\/wp-content\/uploads\/2018\/05\/2\u00baFPB_Mec___Hungary.png\" alt=\"\" width=\"960\" height=\"768\" srcset=\"https:\/\/iesmgkorreas.com\/proyectoeuropa2024\/wp-content\/uploads\/2018\/05\/2\u00baFPB_Mec___Hungary.png 960w, https:\/\/iesmgkorreas.com\/proyectoeuropa2024\/wp-content\/uploads\/2018\/05\/2\u00baFPB_Mec___Hungary-300x240.png 300w, https:\/\/iesmgkorreas.com\/proyectoeuropa2024\/wp-content\/uploads\/2018\/05\/2\u00baFPB_Mec___Hungary-768x614.png 768w\" sizes=\"(max-width: 767px) 89vw, (max-width: 1000px) 54vw, (max-width: 1071px) 543px, 580px\" \/><\/p>\n<hr \/>\n<p>&nbsp;<\/p>\n<p>&nbsp;<\/p>\n","protected":false},"excerpt":{"rendered":"<p>Realizada por alumnos de 2\u00aa FP B\u00a0 Mant. de Veh\u00edculos. PROFESOR: Roberto MATERIA: Ingl\u00e9s ACTIVIDAD: Presentaci\u00f3n en una diapositiva sobre el cubo de Rubik &nbsp; &nbsp;<\/p>\n","protected":false},"author":1,"featured_media":0,"parent":0,"menu_order":0,"comment_status":"closed","ping_status":"closed","template":"","meta":{"footnotes":""},"_links":{"self":[{"href":"https:\/\/iesmgkorreas.com\/proyectoeuropa2024\/index.php\/wp-json\/wp\/v2\/pages\/186"}],"collection":[{"href":"https:\/\/iesmgkorreas.com\/proyectoeuropa2024\/index.php\/wp-json\/wp\/v2\/pages"}],"about":[{"href":"https:\/\/iesmgkorreas.com\/proyectoeuropa2024\/index.php\/wp-json\/wp\/v2\/types\/page"}],"author":[{"embeddable":true,"href":"https:\/\/iesmgkorreas.com\/proyectoeuropa2024\/index.php\/wp-json\/wp\/v2\/users\/1"}],"replies":[{"embeddable":true,"href":"https:\/\/iesmgkorreas.com\/proyectoeuropa2024\/index.php\/wp-json\/wp\/v2\/comments?post=186"}],"version-history":[{"count":2,"href":"https:\/\/iesmgkorreas.com\/proyectoeuropa2024\/index.php\/wp-json\/wp\/v2\/pages\/186\/revisions"}],"predecessor-version":[{"id":430,"href":"https:\/\/iesmgkorreas.com\/proyectoeuropa2024\/index.php\/wp-json\/wp\/v2\/pages\/186\/revisions\/430"}],"wp:attachment":[{"href":"https:\/\/iesmgkorreas.com\/proyectoeuropa2024\/index.php\/wp-json\/wp\/v2\/media?parent=186"}],"curies":[{"name":"wp","href":"https:\/\/api.w.org\/{rel}","templated":true}]}}