{"id":175,"date":"2018-05-18T12:43:42","date_gmt":"2018-05-18T12:43:42","guid":{"rendered":"http:\/\/www.bibliogonzalokorreas.com\/proyectoeuropa\/?page_id=175"},"modified":"2018-05-29T11:57:26","modified_gmt":"2018-05-29T11:57:26","slug":"estonia","status":"publish","type":"page","link":"https:\/\/iesmgkorreas.com\/proyectoeuropa2024\/index.php\/estonia\/","title":{"rendered":"Estonia"},"content":{"rendered":"<h1><strong>Realizada por alumnos de ESO 3\u00ba D<\/strong><\/h1>\n<p><span style=\"color: #800080;\">PROFESOR: Estrella<\/span><\/p>\n<p><span style=\"color: #800080;\">MATERIA: Iniciaci\u00f3n a la Actividad Emprendedora y Empresarial<\/span><\/p>\n<p>ACTIVIDAD: Gu\u00eda tur\u00edstica por Tallin de Yolanda<\/p>\n<figure id=\"attachment_268\" aria-describedby=\"caption-attachment-268\" style=\"width: 160px\" class=\"wp-caption aligncenter\"><a href=\"http:\/\/www.bibliogonzalokorreas.com\/proyectoeuropa\/wp-content\/uploads\/2018\/05\/yolanda_rodriguez_estonia-.pdf\" target=\"_blank\" rel=\"noopener\"><img loading=\"lazy\" decoding=\"async\" class=\"wp-image-268 size-full\" src=\"http:\/\/www.bibliogonzalokorreas.com\/proyectoeuropa\/wp-content\/uploads\/2018\/05\/imgpdf.jpg\" alt=\"\" width=\"160\" height=\"150\" \/><\/a><figcaption id=\"caption-attachment-268\" class=\"wp-caption-text\">Guia turistica por Tallin (Estonia)<\/figcaption><\/figure>\n","protected":false},"excerpt":{"rendered":"<p>Realizada por alumnos de ESO 3\u00ba D PROFESOR: Estrella MATERIA: Iniciaci\u00f3n a la Actividad Emprendedora y Empresarial ACTIVIDAD: Gu\u00eda tur\u00edstica por Tallin de Yolanda<\/p>\n","protected":false},"author":1,"featured_media":0,"parent":0,"menu_order":0,"comment_status":"closed","ping_status":"closed","template":"","meta":{"footnotes":""},"_links":{"self":[{"href":"https:\/\/iesmgkorreas.com\/proyectoeuropa2024\/index.php\/wp-json\/wp\/v2\/pages\/175"}],"collection":[{"href":"https:\/\/iesmgkorreas.com\/proyectoeuropa2024\/index.php\/wp-json\/wp\/v2\/pages"}],"about":[{"href":"https:\/\/iesmgkorreas.com\/proyectoeuropa2024\/index.php\/wp-json\/wp\/v2\/types\/page"}],"author":[{"embeddable":true,"href":"https:\/\/iesmgkorreas.com\/proyectoeuropa2024\/index.php\/wp-json\/wp\/v2\/users\/1"}],"replies":[{"embeddable":true,"href":"https:\/\/iesmgkorreas.com\/proyectoeuropa2024\/index.php\/wp-json\/wp\/v2\/comments?post=175"}],"version-history":[{"count":3,"href":"https:\/\/iesmgkorreas.com\/proyectoeuropa2024\/index.php\/wp-json\/wp\/v2\/pages\/175\/revisions"}],"predecessor-version":[{"id":416,"href":"https:\/\/iesmgkorreas.com\/proyectoeuropa2024\/index.php\/wp-json\/wp\/v2\/pages\/175\/revisions\/416"}],"wp:attachment":[{"href":"https:\/\/iesmgkorreas.com\/proyectoeuropa2024\/index.php\/wp-json\/wp\/v2\/media?parent=175"}],"curies":[{"name":"wp","href":"https:\/\/api.w.org\/{rel}","templated":true}]}}