{"id":166,"date":"2018-05-18T12:42:26","date_gmt":"2018-05-18T12:42:26","guid":{"rendered":"http:\/\/www.bibliogonzalokorreas.com\/proyectoeuropa\/?page_id=166"},"modified":"2018-05-31T10:25:23","modified_gmt":"2018-05-31T10:25:23","slug":"dinamarca","status":"publish","type":"page","link":"https:\/\/iesmgkorreas.com\/proyectoeuropa2024\/index.php\/dinamarca\/","title":{"rendered":"Dinamarca"},"content":{"rendered":"<h1><strong>Realizada por alumnos de ESO 1\u00ba PMAR<br \/>\n<\/strong><\/h1>\n<p><span style=\"color: #800080;\">PROFESOR: ROBBIE<\/span><\/p>\n<p><span style=\"color: #800080;\">MATERIA: Ingles<\/span><\/p>\n<p><span style=\"color: #000000;\">Actividad: A Brief Description of Denmark by PMAR students<\/span><\/p>\n<p><iframe loading=\"lazy\" src=\"https:\/\/www.youtube.com\/embed\/u-TE1og1WDc\" width=\"560\" height=\"315\" frameborder=\"0\" allowfullscreen=\"allowfullscreen\"><\/iframe><\/p>\n<hr \/>\n<p align=\"left\"><span style=\"color: #800080;\">PROFESORA:\u00a0 Rebeca<\/span><\/p>\n<p align=\"left\"><span style=\"color: #800080;\">MATERIA: Religi\u00f3n<\/span><\/p>\n<p align=\"left\">\u00a0Actividad: Hemos trabajado las caracter\u00edsticas de la religi\u00f3n oficial de Dinamarca (Luteranismo 80 %) compar\u00e1ndola con la religi\u00f3n mayoritaria de Espa\u00f1a (cristianismo cat\u00f3lico). Se han realizado por grupos de tres o cuatro alumno\/as b\u00fasquedas en Internet sobre los ritos, celebraciones, libros sagrados, moral, representante, templos m\u00e1s importantes del pa\u00eds, etc. Por ejemplo: Catedral de Roskilde, Biblia Luterana, 5 solas&#8230;Los alumnos\/as han plasmado las im\u00e1genes y la informaci\u00f3n en un mural con forma de templo sagrado protestante realizado por ellos\/as.<\/p>\n<div data-carousel-extra='{\"blog_id\":1,\"permalink\":\"https:\\\/\\\/iesmgkorreas.com\\\/proyectoeuropa2024\\\/index.php\\\/dinamarca\\\/\"}' class=\"tiled-gallery type-circle\" data-original-width=\"525\"><div class=\"tiled-gallery-item\"><a border=\"0\" href=\"https:\/\/iesmgkorreas.com\/proyectoeuropa2024\/index.php\/dinamarca\/dinamarcarebeca\/\"><img decoding=\"async\" data-attachment-id=\"468\" data-orig-file=\"https:\/\/iesmgkorreas.com\/proyectoeuropa2024\/wp-content\/uploads\/2018\/05\/DinamarcaRebeca-e1527762279885.jpg\" data-orig-size=\"768,1024\" data-comments-opened=\"1\" data-image-meta=\"{&quot;aperture&quot;:&quot;1.8&quot;,&quot;credit&quot;:&quot;&quot;,&quot;camera&quot;:&quot;iPhone 7&quot;,&quot;caption&quot;:&quot;&quot;,&quot;created_timestamp&quot;:&quot;1527758774&quot;,&quot;copyright&quot;:&quot;&quot;,&quot;focal_length&quot;:&quot;3.99&quot;,&quot;iso&quot;:&quot;32&quot;,&quot;shutter_speed&quot;:&quot;0.01&quot;,&quot;title&quot;:&quot;&quot;,&quot;orientation&quot;:&quot;6&quot;}\" data-image-title=\"DinamarcaRebeca\" data-image-description=\"\" data-medium-file=\"https:\/\/iesmgkorreas.com\/proyectoeuropa2024\/wp-content\/uploads\/2018\/05\/DinamarcaRebeca-e1527762279885-225x300.jpg\" data-large-file=\"https:\/\/iesmgkorreas.com\/proyectoeuropa2024\/wp-content\/uploads\/2018\/05\/DinamarcaRebeca-e1527762279885-768x1024.jpg\" style=\"margin: 2px\" src=\"https:\/\/iesmgkorreas.com\/proyectoeuropa2024\/wp-content\/uploads\/2018\/05\/DinamarcaRebeca-e1527762279885-519x519.jpg\" width=519 height=519 title=\"DinamarcaRebeca\" \/><\/a><\/div><\/div>\n<hr \/>\n<p align=\"left\">\n","protected":false},"excerpt":{"rendered":"<p>Realizada por alumnos de ESO 1\u00ba PMAR PROFESOR: ROBBIE MATERIA: Ingles Actividad: A Brief Description of Denmark by PMAR students PROFESORA:\u00a0 Rebeca MATERIA: Religi\u00f3n \u00a0Actividad: Hemos trabajado las caracter\u00edsticas de la religi\u00f3n oficial de Dinamarca (Luteranismo 80 %) compar\u00e1ndola con la religi\u00f3n mayoritaria de Espa\u00f1a (cristianismo cat\u00f3lico). Se han realizado por grupos de tres o &hellip; <\/p>\n<p class=\"link-more\"><a href=\"https:\/\/iesmgkorreas.com\/proyectoeuropa2024\/index.php\/dinamarca\/\" class=\"more-link\">Continuar leyendo<span class=\"screen-reader-text\"> \u00abDinamarca\u00bb<\/span><\/a><\/p>\n","protected":false},"author":1,"featured_media":0,"parent":0,"menu_order":0,"comment_status":"closed","ping_status":"closed","template":"","meta":{"footnotes":""},"_links":{"self":[{"href":"https:\/\/iesmgkorreas.com\/proyectoeuropa2024\/index.php\/wp-json\/wp\/v2\/pages\/166"}],"collection":[{"href":"https:\/\/iesmgkorreas.com\/proyectoeuropa2024\/index.php\/wp-json\/wp\/v2\/pages"}],"about":[{"href":"https:\/\/iesmgkorreas.com\/proyectoeuropa2024\/index.php\/wp-json\/wp\/v2\/types\/page"}],"author":[{"embeddable":true,"href":"https:\/\/iesmgkorreas.com\/proyectoeuropa2024\/index.php\/wp-json\/wp\/v2\/users\/1"}],"replies":[{"embeddable":true,"href":"https:\/\/iesmgkorreas.com\/proyectoeuropa2024\/index.php\/wp-json\/wp\/v2\/comments?post=166"}],"version-history":[{"count":7,"href":"https:\/\/iesmgkorreas.com\/proyectoeuropa2024\/index.php\/wp-json\/wp\/v2\/pages\/166\/revisions"}],"predecessor-version":[{"id":469,"href":"https:\/\/iesmgkorreas.com\/proyectoeuropa2024\/index.php\/wp-json\/wp\/v2\/pages\/166\/revisions\/469"}],"wp:attachment":[{"href":"https:\/\/iesmgkorreas.com\/proyectoeuropa2024\/index.php\/wp-json\/wp\/v2\/media?parent=166"}],"curies":[{"name":"wp","href":"https:\/\/api.w.org\/{rel}","templated":true}]}}