{"id":154,"date":"2018-05-18T12:27:23","date_gmt":"2018-05-18T12:27:23","guid":{"rendered":"http:\/\/www.bibliogonzalokorreas.com\/proyectoeuropa\/?page_id=154"},"modified":"2018-06-14T09:19:13","modified_gmt":"2018-06-14T09:19:13","slug":"bulgaria","status":"publish","type":"page","link":"https:\/\/iesmgkorreas.com\/proyectoeuropa2024\/index.php\/bulgaria\/","title":{"rendered":"Bulgaria"},"content":{"rendered":"<h1><strong>Realizada por alumnos de ESO 2\u00ba D<br \/>\n<\/strong><\/h1>\n<p><span style=\"color: #800080;\">PROFESORA: Alba<\/span><\/p>\n<p><span style=\"color: #800080;\">MATERIA: Ingles<\/span><\/p>\n<p><span style=\"color: #800080;\">\u00a0<\/span><\/p>\n<div style=\"position:relative;height:0;padding-bottom:56.25%\"><iframe loading=\"lazy\" src=\"https:\/\/www.youtube.com\/embed\/HB3VZemaThE?ecver=2\" width=\"640\" height=\"360\" frameborder=\"0\" allow=\"autoplay; encrypted-media\" style=\"position:absolute;width:100%;height:100%;left:0\" allowfullscreen><\/iframe><\/div>\n<hr \/>\n<p><span style=\"color: #800080;\">PROFESOR:<\/span><\/p>\n<p><span style=\"color: #800080;\">MATERIA:<\/span><\/p>\n<p>Trabajo: <strong>\u00abLos derechos humanos en Bulgaria\u00bb<\/strong><\/p>\n<p><a href=\"http:\/\/www.bibliogonzalokorreas.com\/proyectoeuropa\/wp-content\/uploads\/2018\/05\/Los-Derechos-Humanos-en-Bulgaria.pdf\" target=\"_blank\" rel=\"noopener\"><img loading=\"lazy\" decoding=\"async\" class=\"alignnone wp-image-268 size-full\" src=\"http:\/\/www.bibliogonzalokorreas.com\/proyectoeuropa\/wp-content\/uploads\/2018\/05\/imgpdf.jpg\" alt=\"\" width=\"160\" height=\"150\" \/><\/a><\/p>\n<p>&nbsp;<\/p>\n<hr \/>\n<p><span style=\"color: #800080;\">PROFESOR: \u00c1ngel<br \/>\n<\/span><\/p>\n<p><span style=\"color: #800080;\">MATERIA: Refuerzo de Matem\u00e1ticas. <\/span><\/p>\n<p><span style=\"color: #800080;\">Actividades Realizadas: <\/span><b>Bulgaria: Recopilaci\u00f3n de Informaci\u00f3n sobre John Atanasoff<\/b><\/p>\n<p>John Atanasoff fue un cient\u00edfico de origen b\u00falgaro considerado como el padre de la computaci\u00f3n moderna al ser uno de los desarrolladores de la ABC, Atanasoff Berry Computer, primera computadora digital de la historia. En Bulgaria cuenta con numerosas estatuas y placas conmemorativas.<\/p>\n<p>Los alumnos realizan un trabajo en grupo con el ordenador sobre John Atanasoff.<\/p>\n<hr \/>\n<p align=\"left\"><span style=\"color: #800080;\">PROFESORA:\u00a0 Rebeca<\/span><\/p>\n<p align=\"left\"><span style=\"color: #800080;\">MATERIA: Religi\u00f3n<\/span><\/p>\n<p align=\"left\">\u00a0Actividad: Hemos trabajado las caracter\u00edsticas de la religi\u00f3n mayoritaria de Bulgaria (Iglesia apost\u00f3lica ortodoxa 59,4 %) compar\u00e1ndola con la religi\u00f3n mayoritaria de Espa\u00f1a (cristianismo cat\u00f3lico). Se han realizado por grupos de tres o cuatro alumno\/as b\u00fasquedas en Internet sobre los ritos, celebraciones, libros sagrados, moral, representante, templos m\u00e1s importantes del pa\u00eds, etc. Por ejemplo: patriarcado, Iglesia de Boyana, Catedral de Stevanedelya, etc&#8230;Los alumnos\/as han plasmado las im\u00e1genes y la informaci\u00f3n en un mural con forma de cruz ortodoxa realizado por ellos\/as.<\/p>\n<hr \/>\n<p align=\"left\">\n","protected":false},"excerpt":{"rendered":"<p>Realizada por alumnos de ESO 2\u00ba D PROFESORA: Alba MATERIA: Ingles \u00a0 PROFESOR: MATERIA: Trabajo: \u00abLos derechos humanos en Bulgaria\u00bb &nbsp; PROFESOR: \u00c1ngel MATERIA: Refuerzo de Matem\u00e1ticas. Actividades Realizadas: Bulgaria: Recopilaci\u00f3n de Informaci\u00f3n sobre John Atanasoff John Atanasoff fue un cient\u00edfico de origen b\u00falgaro considerado como el padre de la computaci\u00f3n moderna al ser uno &hellip; <\/p>\n<p class=\"link-more\"><a href=\"https:\/\/iesmgkorreas.com\/proyectoeuropa2024\/index.php\/bulgaria\/\" class=\"more-link\">Continuar leyendo<span class=\"screen-reader-text\"> \u00abBulgaria\u00bb<\/span><\/a><\/p>\n","protected":false},"author":1,"featured_media":0,"parent":0,"menu_order":0,"comment_status":"closed","ping_status":"closed","template":"","meta":{"footnotes":""},"_links":{"self":[{"href":"https:\/\/iesmgkorreas.com\/proyectoeuropa2024\/index.php\/wp-json\/wp\/v2\/pages\/154"}],"collection":[{"href":"https:\/\/iesmgkorreas.com\/proyectoeuropa2024\/index.php\/wp-json\/wp\/v2\/pages"}],"about":[{"href":"https:\/\/iesmgkorreas.com\/proyectoeuropa2024\/index.php\/wp-json\/wp\/v2\/types\/page"}],"author":[{"embeddable":true,"href":"https:\/\/iesmgkorreas.com\/proyectoeuropa2024\/index.php\/wp-json\/wp\/v2\/users\/1"}],"replies":[{"embeddable":true,"href":"https:\/\/iesmgkorreas.com\/proyectoeuropa2024\/index.php\/wp-json\/wp\/v2\/comments?post=154"}],"version-history":[{"count":11,"href":"https:\/\/iesmgkorreas.com\/proyectoeuropa2024\/index.php\/wp-json\/wp\/v2\/pages\/154\/revisions"}],"predecessor-version":[{"id":630,"href":"https:\/\/iesmgkorreas.com\/proyectoeuropa2024\/index.php\/wp-json\/wp\/v2\/pages\/154\/revisions\/630"}],"wp:attachment":[{"href":"https:\/\/iesmgkorreas.com\/proyectoeuropa2024\/index.php\/wp-json\/wp\/v2\/media?parent=154"}],"curies":[{"name":"wp","href":"https:\/\/api.w.org\/{rel}","templated":true}]}}