{"id":148,"date":"2018-05-18T12:26:13","date_gmt":"2018-05-18T12:26:13","guid":{"rendered":"http:\/\/www.bibliogonzalokorreas.com\/proyectoeuropa\/?page_id=148"},"modified":"2018-06-19T07:00:16","modified_gmt":"2018-06-19T07:00:16","slug":"bielorrusia","status":"publish","type":"page","link":"https:\/\/iesmgkorreas.com\/proyectoeuropa2024\/index.php\/bielorrusia\/","title":{"rendered":"Bielorrusia"},"content":{"rendered":"<h1><strong>Realizada por alumnos de ESO 2\u00ba B<br \/>\n<\/strong><\/h1>\n<p>&nbsp;<\/p>\n<p align=\"left\"><span style=\"color: #800080;\">Profesor:<\/span><\/p>\n<p align=\"left\"><span style=\"color: #800080;\">Materia:<\/span><\/p>\n<p align=\"left\">\u00a0Actividad: Trabajo: <strong>\u00abDerechos Humanos en Bielorrusia\u00bb<\/strong><\/p>\n<p><a href=\"http:\/\/www.bibliogonzalokorreas.com\/proyectoeuropa\/wp-content\/uploads\/2018\/05\/Los-Derechos-Humanos-en-Bielorrusia.pdf\" target=\"_blank\" rel=\"noopener\"><img loading=\"lazy\" decoding=\"async\" class=\"alignnone wp-image-268 size-full\" src=\"http:\/\/www.bibliogonzalokorreas.com\/proyectoeuropa\/wp-content\/uploads\/2018\/05\/imgpdf.jpg\" alt=\"\" width=\"160\" height=\"150\" \/><\/a><\/p>\n<hr \/>\n<p align=\"left\"><span style=\"color: #800080;\">Profesor: \u00c1ngel<br \/>\n<\/span><\/p>\n<p align=\"left\"><span style=\"color: #800080;\">Materia: Refuerzo de Matem\u00e1ticas<\/span><\/p>\n<p align=\"left\"><span style=\"color: #800080;\">\u00a0Actividad: <\/span><b>Taller de Ajedrez<\/b><\/p>\n<p>En la cultura bielorrusa est\u00e1 muy arraigada la pr\u00e1ctica del ajedrez hasta el punto que es el deporte nacional y ha dado grandes campeones a lo largo de la historia.<\/p>\n<p>Una vez analizada la importancia de este deporte para los bielorrusos, desarrollamos un taller de ajedrez en el que se ense\u00f1a a jugar a aquellos que todav\u00eda no conocen las reglas de este juego y se dan nociones b\u00e1sicas acerca de aperturas y desarrollo de las piezas al resto.<\/p>\n<p>Como materiales utilizamos dos tableros que tiene el Centro en la Biblioteca, los ordenadores port\u00e1tiles y la pizarra digital.<\/p>\n<p>Como ampliaci\u00f3n para los m\u00e1s interesados se les sugiere que se descarguen la Cartilla de Ajedrez de Ricardo Montecatine:<\/p>\n<p><a href=\"http:\/\/www.juntadeandalucia.es\/export\/drupaljda\/133716328019201.pdf\">http:\/\/www.juntadeandalucia.es\/export\/drupaljda\/133716328019201.pdf<\/a><\/p>\n<p><img loading=\"lazy\" decoding=\"async\" class=\"alignnone wp-image-302 size-full\" src=\"http:\/\/www.bibliogonzalokorreas.com\/proyectoeuropa\/wp-content\/uploads\/2018\/05\/IMG_20180514_121031_716.jpg\" alt=\"\" width=\"800\" height=\"600\" srcset=\"https:\/\/iesmgkorreas.com\/proyectoeuropa2024\/wp-content\/uploads\/2018\/05\/IMG_20180514_121031_716.jpg 800w, https:\/\/iesmgkorreas.com\/proyectoeuropa2024\/wp-content\/uploads\/2018\/05\/IMG_20180514_121031_716-300x225.jpg 300w, https:\/\/iesmgkorreas.com\/proyectoeuropa2024\/wp-content\/uploads\/2018\/05\/IMG_20180514_121031_716-768x576.jpg 768w\" sizes=\"(max-width: 767px) 89vw, (max-width: 1000px) 54vw, (max-width: 1071px) 543px, 580px\" \/><\/p>\n<hr \/>\n<p><span style=\"color: #800080;\">Actividad:<\/span><\/p>\n<p>El alumnado realiza un trabajo en grupo consistente en buscar por internet el precio y la duraci\u00f3n de un viaje de ida y vuelta desde Jaraiz de la Vera a Misnk, capital de Bielorrusia, buscando las mejores tarifas tanto de viaje como de alojamiento.<\/p>\n<hr \/>\n<p align=\"left\"><span style=\"color: #800080;\">Profesora:\u00a0 Rebeca<\/span><\/p>\n<p align=\"left\"><span style=\"color: #800080;\">Materia: Religi\u00f3n<\/span><\/p>\n<p align=\"left\">\u00a0Actividad: Hemos trabajado las caracter\u00edsticas de la religi\u00f3n mayoritaria de Bielorrusia (Iglesia apost\u00f3lica ortodoxa 80 %) compar\u00e1ndola con la religi\u00f3n mayoritaria de Espa\u00f1a (cristianismo cat\u00f3lico). Se han realizado por grupos de tres o cuatro alumno\/as b\u00fasquedas en Internet sobre los ritos, celebraciones, libros sagrados, moral, representante, santos, templos m\u00e1s importantes del pa\u00eds, etc. Por ejemplo: Iglesia de Kraosnoe, Iglesia de Keyfrade, Patriarca Bielorrusia, Patriarca Rusia, Biblia ortodoxa, vestimenta ortodoxa, Matrimonio, Navidad&#8230;Los alumnos\/as han plasmado las im\u00e1genes y la informaci\u00f3n en un mural con forma de cruz ortodoxa realizado por ellos\/as.<\/p>\n<div data-carousel-extra='{\"blog_id\":1,\"permalink\":\"https:\\\/\\\/iesmgkorreas.com\\\/proyectoeuropa2024\\\/index.php\\\/bielorrusia\\\/\"}' class=\"tiled-gallery type-rectangular\" data-original-width=\"525\"><div class=\"gallery-row\" style=\"width: 520px; height: 341px;\"><div class=\"gallery-group images-1\" style=\"width: 260px; height: 345px;\"><div class=\"tiled-gallery-item tiled-gallery-item-large\"><a href=\"https:\/\/iesmgkorreas.com\/proyectoeuropa2024\/index.php\/bielorrusia\/img_5414\/\"><img loading=\"lazy\" decoding=\"async\" data-attachment-id=\"495\" data-orig-file=\"https:\/\/iesmgkorreas.com\/proyectoeuropa2024\/wp-content\/uploads\/2018\/06\/IMG_5414-e1527835886425.jpg\" data-orig-size=\"768,1024\" data-comments-opened=\"1\" data-image-meta=\"{&quot;aperture&quot;:&quot;1.8&quot;,&quot;credit&quot;:&quot;&quot;,&quot;camera&quot;:&quot;iPhone 7&quot;,&quot;caption&quot;:&quot;&quot;,&quot;created_timestamp&quot;:&quot;1527774796&quot;,&quot;copyright&quot;:&quot;&quot;,&quot;focal_length&quot;:&quot;3.99&quot;,&quot;iso&quot;:&quot;40&quot;,&quot;shutter_speed&quot;:&quot;0.058823529411765&quot;,&quot;title&quot;:&quot;&quot;,&quot;orientation&quot;:&quot;6&quot;}\" data-image-title=\"IMG_5414\" data-image-description=\"\" data-medium-file=\"https:\/\/iesmgkorreas.com\/proyectoeuropa2024\/wp-content\/uploads\/2018\/06\/IMG_5414-e1527835886425-225x300.jpg\" data-large-file=\"https:\/\/iesmgkorreas.com\/proyectoeuropa2024\/wp-content\/uploads\/2018\/06\/IMG_5414-e1527835886425-768x1024.jpg\" src=\"https:\/\/iesmgkorreas.com\/proyectoeuropa2024\/wp-content\/uploads\/2018\/06\/IMG_5414-e1527835886425-256x341.jpg\" width=\"256\" height=\"341\" align=\"left\" title=\"IMG_5414\" \/><\/a><\/div><\/div><div class=\"gallery-group images-1\" style=\"width: 260px; height: 345px;\"><div class=\"tiled-gallery-item tiled-gallery-item-large\"><a href=\"https:\/\/iesmgkorreas.com\/proyectoeuropa2024\/index.php\/bielorrusia\/img_5246\/\"><img loading=\"lazy\" decoding=\"async\" data-attachment-id=\"496\" data-orig-file=\"https:\/\/iesmgkorreas.com\/proyectoeuropa2024\/wp-content\/uploads\/2018\/06\/IMG_5246.jpg\" data-orig-size=\"576,768\" data-comments-opened=\"1\" data-image-meta=\"{&quot;aperture&quot;:&quot;1.8&quot;,&quot;credit&quot;:&quot;&quot;,&quot;camera&quot;:&quot;iPhone 7&quot;,&quot;caption&quot;:&quot;&quot;,&quot;created_timestamp&quot;:&quot;1526986590&quot;,&quot;copyright&quot;:&quot;&quot;,&quot;focal_length&quot;:&quot;3.99&quot;,&quot;iso&quot;:&quot;100&quot;,&quot;shutter_speed&quot;:&quot;0.058823529411765&quot;,&quot;title&quot;:&quot;&quot;,&quot;orientation&quot;:&quot;1&quot;}\" data-image-title=\"IMG_5246\" data-image-description=\"\" data-medium-file=\"https:\/\/iesmgkorreas.com\/proyectoeuropa2024\/wp-content\/uploads\/2018\/06\/IMG_5246-225x300.jpg\" data-large-file=\"https:\/\/iesmgkorreas.com\/proyectoeuropa2024\/wp-content\/uploads\/2018\/06\/IMG_5246.jpg\" src=\"https:\/\/iesmgkorreas.com\/proyectoeuropa2024\/wp-content\/uploads\/2018\/06\/IMG_5246-256x341.jpg\" width=\"256\" height=\"341\" align=\"left\" title=\"IMG_5246\" \/><\/a><\/div><\/div><\/div><\/div>\n<hr \/>\n<p align=\"left\"><span style=\"color: #800080;\">Profesor:\u00a0 <\/span><\/p>\n<p align=\"left\"><span style=\"color: #800080;\">Materia: Tecnolog\u00eda<\/span><\/p>\n<p align=\"left\"><span style=\"color: #800080;\">Actividad:<\/span><\/p>\n<div data-carousel-extra='{\"blog_id\":1,\"permalink\":\"https:\\\/\\\/iesmgkorreas.com\\\/proyectoeuropa2024\\\/index.php\\\/bielorrusia\\\/\"}' class=\"tiled-gallery type-rectangular\" data-original-width=\"525\"><div class=\"gallery-row\" style=\"width: 520px; height: 257px;\"><div class=\"gallery-group images-1\" style=\"width: 347px; height: 261px;\"><div class=\"tiled-gallery-item tiled-gallery-item-large\"><a href=\"https:\/\/iesmgkorreas.com\/proyectoeuropa2024\/index.php\/bielorrusia\/img-20180531-wa0031\/\"><img loading=\"lazy\" decoding=\"async\" data-attachment-id=\"607\" data-orig-file=\"https:\/\/iesmgkorreas.com\/proyectoeuropa2024\/wp-content\/uploads\/2018\/06\/IMG-20180531-WA0031.jpg\" data-orig-size=\"1600,1200\" data-comments-opened=\"1\" data-image-meta=\"{&quot;aperture&quot;:&quot;0&quot;,&quot;credit&quot;:&quot;&quot;,&quot;camera&quot;:&quot;&quot;,&quot;caption&quot;:&quot;&quot;,&quot;created_timestamp&quot;:&quot;0&quot;,&quot;copyright&quot;:&quot;&quot;,&quot;focal_length&quot;:&quot;0&quot;,&quot;iso&quot;:&quot;0&quot;,&quot;shutter_speed&quot;:&quot;0&quot;,&quot;title&quot;:&quot;&quot;,&quot;orientation&quot;:&quot;0&quot;}\" data-image-title=\"IMG-20180531-WA0031\" data-image-description=\"\" data-medium-file=\"https:\/\/iesmgkorreas.com\/proyectoeuropa2024\/wp-content\/uploads\/2018\/06\/IMG-20180531-WA0031-300x225.jpg\" data-large-file=\"https:\/\/iesmgkorreas.com\/proyectoeuropa2024\/wp-content\/uploads\/2018\/06\/IMG-20180531-WA0031-1024x768.jpg\" src=\"https:\/\/iesmgkorreas.com\/proyectoeuropa2024\/wp-content\/uploads\/2018\/06\/IMG-20180531-WA0031-343x257.jpg\" width=\"343\" height=\"257\" align=\"left\" title=\"IMG-20180531-WA0031\" \/><\/a><\/div><\/div><div class=\"gallery-group images-2\" style=\"width: 173px; height: 261px;\"><div class=\"tiled-gallery-item tiled-gallery-item-small\"><a href=\"https:\/\/iesmgkorreas.com\/proyectoeuropa2024\/index.php\/bielorrusia\/img-20180531-wa0032\/\"><img loading=\"lazy\" decoding=\"async\" data-attachment-id=\"608\" data-orig-file=\"https:\/\/iesmgkorreas.com\/proyectoeuropa2024\/wp-content\/uploads\/2018\/06\/IMG-20180531-WA0032.jpg\" data-orig-size=\"1600,1200\" data-comments-opened=\"1\" data-image-meta=\"{&quot;aperture&quot;:&quot;0&quot;,&quot;credit&quot;:&quot;&quot;,&quot;camera&quot;:&quot;&quot;,&quot;caption&quot;:&quot;&quot;,&quot;created_timestamp&quot;:&quot;0&quot;,&quot;copyright&quot;:&quot;&quot;,&quot;focal_length&quot;:&quot;0&quot;,&quot;iso&quot;:&quot;0&quot;,&quot;shutter_speed&quot;:&quot;0&quot;,&quot;title&quot;:&quot;&quot;,&quot;orientation&quot;:&quot;0&quot;}\" data-image-title=\"IMG-20180531-WA0032\" data-image-description=\"\" data-medium-file=\"https:\/\/iesmgkorreas.com\/proyectoeuropa2024\/wp-content\/uploads\/2018\/06\/IMG-20180531-WA0032-300x225.jpg\" data-large-file=\"https:\/\/iesmgkorreas.com\/proyectoeuropa2024\/wp-content\/uploads\/2018\/06\/IMG-20180531-WA0032-1024x768.jpg\" src=\"https:\/\/iesmgkorreas.com\/proyectoeuropa2024\/wp-content\/uploads\/2018\/06\/IMG-20180531-WA0032-169x127.jpg\" width=\"169\" height=\"127\" align=\"left\" title=\"IMG-20180531-WA0032\" \/><\/a><\/div><div class=\"tiled-gallery-item tiled-gallery-item-small\"><a href=\"https:\/\/iesmgkorreas.com\/proyectoeuropa2024\/index.php\/bielorrusia\/img-20180531-wa0040\/\"><img loading=\"lazy\" decoding=\"async\" data-attachment-id=\"609\" data-orig-file=\"https:\/\/iesmgkorreas.com\/proyectoeuropa2024\/wp-content\/uploads\/2018\/06\/IMG-20180531-WA0040.jpg\" data-orig-size=\"1600,1200\" data-comments-opened=\"1\" data-image-meta=\"{&quot;aperture&quot;:&quot;0&quot;,&quot;credit&quot;:&quot;&quot;,&quot;camera&quot;:&quot;&quot;,&quot;caption&quot;:&quot;&quot;,&quot;created_timestamp&quot;:&quot;0&quot;,&quot;copyright&quot;:&quot;&quot;,&quot;focal_length&quot;:&quot;0&quot;,&quot;iso&quot;:&quot;0&quot;,&quot;shutter_speed&quot;:&quot;0&quot;,&quot;title&quot;:&quot;&quot;,&quot;orientation&quot;:&quot;0&quot;}\" data-image-title=\"IMG-20180531-WA0040\" data-image-description=\"\" data-medium-file=\"https:\/\/iesmgkorreas.com\/proyectoeuropa2024\/wp-content\/uploads\/2018\/06\/IMG-20180531-WA0040-300x225.jpg\" data-large-file=\"https:\/\/iesmgkorreas.com\/proyectoeuropa2024\/wp-content\/uploads\/2018\/06\/IMG-20180531-WA0040-1024x768.jpg\" src=\"https:\/\/iesmgkorreas.com\/proyectoeuropa2024\/wp-content\/uploads\/2018\/06\/IMG-20180531-WA0040-169x126.jpg\" width=\"169\" height=\"126\" align=\"left\" title=\"IMG-20180531-WA0040\" \/><\/a><\/div><\/div><\/div><div class=\"gallery-row\" style=\"width: 520px; height: 192px;\"><div class=\"gallery-group images-1\" style=\"width: 260px; height: 196px;\"><div class=\"tiled-gallery-item tiled-gallery-item-large\"><a href=\"https:\/\/iesmgkorreas.com\/proyectoeuropa2024\/index.php\/bielorrusia\/img-20180531-wa0042\/\"><img loading=\"lazy\" decoding=\"async\" data-attachment-id=\"610\" data-orig-file=\"https:\/\/iesmgkorreas.com\/proyectoeuropa2024\/wp-content\/uploads\/2018\/06\/IMG-20180531-WA0042.jpg\" data-orig-size=\"1600,1200\" data-comments-opened=\"1\" data-image-meta=\"{&quot;aperture&quot;:&quot;0&quot;,&quot;credit&quot;:&quot;&quot;,&quot;camera&quot;:&quot;&quot;,&quot;caption&quot;:&quot;&quot;,&quot;created_timestamp&quot;:&quot;0&quot;,&quot;copyright&quot;:&quot;&quot;,&quot;focal_length&quot;:&quot;0&quot;,&quot;iso&quot;:&quot;0&quot;,&quot;shutter_speed&quot;:&quot;0&quot;,&quot;title&quot;:&quot;&quot;,&quot;orientation&quot;:&quot;0&quot;}\" data-image-title=\"IMG-20180531-WA0042\" data-image-description=\"\" data-medium-file=\"https:\/\/iesmgkorreas.com\/proyectoeuropa2024\/wp-content\/uploads\/2018\/06\/IMG-20180531-WA0042-300x225.jpg\" data-large-file=\"https:\/\/iesmgkorreas.com\/proyectoeuropa2024\/wp-content\/uploads\/2018\/06\/IMG-20180531-WA0042-1024x768.jpg\" src=\"https:\/\/iesmgkorreas.com\/proyectoeuropa2024\/wp-content\/uploads\/2018\/06\/IMG-20180531-WA0042-256x192.jpg\" width=\"256\" height=\"192\" align=\"left\" title=\"IMG-20180531-WA0042\" \/><\/a><\/div><\/div><div class=\"gallery-group images-1\" style=\"width: 260px; height: 196px;\"><div class=\"tiled-gallery-item tiled-gallery-item-large\"><a href=\"https:\/\/iesmgkorreas.com\/proyectoeuropa2024\/index.php\/bielorrusia\/img-20180531-wa0043\/\"><img loading=\"lazy\" decoding=\"async\" data-attachment-id=\"611\" data-orig-file=\"https:\/\/iesmgkorreas.com\/proyectoeuropa2024\/wp-content\/uploads\/2018\/06\/IMG-20180531-WA0043.jpg\" data-orig-size=\"1600,1200\" data-comments-opened=\"1\" data-image-meta=\"{&quot;aperture&quot;:&quot;0&quot;,&quot;credit&quot;:&quot;&quot;,&quot;camera&quot;:&quot;&quot;,&quot;caption&quot;:&quot;&quot;,&quot;created_timestamp&quot;:&quot;0&quot;,&quot;copyright&quot;:&quot;&quot;,&quot;focal_length&quot;:&quot;0&quot;,&quot;iso&quot;:&quot;0&quot;,&quot;shutter_speed&quot;:&quot;0&quot;,&quot;title&quot;:&quot;&quot;,&quot;orientation&quot;:&quot;0&quot;}\" data-image-title=\"IMG-20180531-WA0043\" data-image-description=\"\" data-medium-file=\"https:\/\/iesmgkorreas.com\/proyectoeuropa2024\/wp-content\/uploads\/2018\/06\/IMG-20180531-WA0043-300x225.jpg\" data-large-file=\"https:\/\/iesmgkorreas.com\/proyectoeuropa2024\/wp-content\/uploads\/2018\/06\/IMG-20180531-WA0043-1024x768.jpg\" src=\"https:\/\/iesmgkorreas.com\/proyectoeuropa2024\/wp-content\/uploads\/2018\/06\/IMG-20180531-WA0043-256x192.jpg\" width=\"256\" height=\"192\" align=\"left\" title=\"IMG-20180531-WA0043\" \/><\/a><\/div><\/div><\/div><\/div>\n<hr \/>\n<p align=\"left\"><span style=\"color: #800080;\">Profesor:\u00a0<\/span><\/p>\n<p align=\"left\"><span style=\"color: #800080;\">Materia: M\u00fasica<\/span><\/p>\n<p align=\"left\"><span style=\"color: #800080;\">Actividad:<\/span><\/p>\n<figure id=\"attachment_268\" aria-describedby=\"caption-attachment-268\" style=\"width: 160px\" class=\"wp-caption aligncenter\"><a href=\"https:\/\/iesmgkorreas.com\/proyectoeuropa20242024\/wp-content\/uploads\/2018\/06\/BIELORRUSIA.pdf\" target=\"_blank\" rel=\"noopener\"><img loading=\"lazy\" decoding=\"async\" class=\"wp-image-268 size-full\" src=\"https:\/\/iesmgkorreas.com\/proyectoeuropa20242024\/wp-content\/uploads\/2018\/05\/imgpdf.jpg\" alt=\"\" width=\"160\" height=\"150\" \/><\/a><figcaption id=\"caption-attachment-268\" class=\"wp-caption-text\">Bielorrusia<\/figcaption><\/figure>\n<hr \/>\n<p><span style=\"color: #800080;\">Profesora: Beatriz<\/span><\/p>\n<p><span style=\"color: #800080;\">Materia:\u00a0 Ciencias Sociales<\/span><\/p>\n<p>CONTENIDOS<br \/>\n&#8211; Aspectos generales de cada pa\u00eds desde el \u00e1mbito social( poblaci\u00f3n, superficie, idioma. Moneda&#8230;)<br \/>\n-caracter\u00edsticas principales del espacio f\u00edsico (relieve. Clima ,costas, r\u00edos,&#8230;)<br \/>\n&#8211; acontecimientos hist\u00f3ricos m\u00e1s significativos.<br \/>\n&#8211; elementos culturales (gastronom\u00eda, tradiciones, religi\u00f3n,&#8230;.)<br \/>\nACTIVIDADES<br \/>\n-B\u00fasqueda y recopilaci\u00f3n de informaci\u00f3n , utilizando los ordenadores del aula y la biblioteca<br \/>\n-Selecci\u00f3n de contenidos por parte del alumnado<br \/>\n-Agrupamientos en funci\u00f3n de la actividad a desarrollar<br \/>\n-Reparto de tareas y contenidos a trabajar<br \/>\nMATERIALES<br \/>\n-banderas, banderines,escudos de cada pa\u00eds<br \/>\n-murales con las caracter\u00edsticas principales a nivel general de cada pa\u00eds<br \/>\n-mapa f\u00edsico<br \/>\n-mapa de la divisi\u00f3n administrativa y territorial<br \/>\n-mural de platos t\u00edpicos<br \/>\n-mural de los personajes m\u00e1s importantes nacidos en ese pa\u00eds<br \/>\n-Mural de monumentos importantes<\/p>\n<hr \/>\n<p><span style=\"color: #800080;\">Profesora: Diana<\/span><\/p>\n<p><span style=\"color: #800080;\">Materia:\u00a0 F\u00edsica y Qu\u00edmica<\/span><\/p>\n<p><span style=\"color: #800080;\">Actividad:<\/span><\/p>\n<p>Han decorado la clase con banderas de Bielorrusia y han hecho un cartel dando la bienvenida escrito en bielorruso. Adem\u00e1s han decorado la puerta del aula, con el nombre del pa\u00eds en espa\u00f1ol y bielorruso.<\/p>\n<p>Han hecho un peque\u00f1o p\u00f3ster <b><i>Sab\u00edas que\u0085.<wbr \/>.<wbr \/>.<wbr \/>?<\/i><\/b> donde cuentan curiosidades de este pa\u00eds, algunas costumbres y hablan de Dmytry Koldun, un popular cantante de Bielorrusia, que adem\u00e1s de estudiar Medicina tambi\u00e9n estudi\u00f3 Qu\u00edmica en la Universidad de Bielorrusia. Se present\u00f3 al festival de Eurovisi\u00f3n en el a\u00f1o 2007, obteniendo la m\u00e1xima posici\u00f3n (sexta) que el pa\u00eds hab\u00eda obtenido en este festival hasta el momento.<\/p>\n<p>Por otra parte, buscando sobre investigadores bielorrusos, han hecho otro p\u00f3ster en el que destacan los trabajos del cient\u00edfico <b>Yuri Ivanovich Bandazhevski<\/b>, quien investig\u00f3 las consecuencias sanitarias del accidente de Chern\u00f3bil. Fue el primero en crear un instituto en Bielorrusia, en 1989, dedicado espec\u00edficamente a la investigaci\u00f3n cient\u00edfica del accidente de Chern\u00f3bil de 1986 y fue condenado a 8 a\u00f1os de c\u00e1rcel por los informes que escribi\u00f3 en relaci\u00f3n a este tema.<\/p>\n<hr \/>\n<p>&nbsp;<\/p>\n","protected":false},"excerpt":{"rendered":"<p>Realizada por alumnos de ESO 2\u00ba B &nbsp; Profesor: Materia: \u00a0Actividad: Trabajo: \u00abDerechos Humanos en Bielorrusia\u00bb Profesor: \u00c1ngel Materia: Refuerzo de Matem\u00e1ticas \u00a0Actividad: Taller de Ajedrez En la cultura bielorrusa est\u00e1 muy arraigada la pr\u00e1ctica del ajedrez hasta el punto que es el deporte nacional y ha dado grandes campeones a lo largo de la &hellip; <\/p>\n<p class=\"link-more\"><a href=\"https:\/\/iesmgkorreas.com\/proyectoeuropa2024\/index.php\/bielorrusia\/\" class=\"more-link\">Continuar leyendo<span class=\"screen-reader-text\"> \u00abBielorrusia\u00bb<\/span><\/a><\/p>\n","protected":false},"author":1,"featured_media":0,"parent":0,"menu_order":0,"comment_status":"closed","ping_status":"closed","template":"","meta":{"footnotes":""},"_links":{"self":[{"href":"https:\/\/iesmgkorreas.com\/proyectoeuropa2024\/index.php\/wp-json\/wp\/v2\/pages\/148"}],"collection":[{"href":"https:\/\/iesmgkorreas.com\/proyectoeuropa2024\/index.php\/wp-json\/wp\/v2\/pages"}],"about":[{"href":"https:\/\/iesmgkorreas.com\/proyectoeuropa2024\/index.php\/wp-json\/wp\/v2\/types\/page"}],"author":[{"embeddable":true,"href":"https:\/\/iesmgkorreas.com\/proyectoeuropa2024\/index.php\/wp-json\/wp\/v2\/users\/1"}],"replies":[{"embeddable":true,"href":"https:\/\/iesmgkorreas.com\/proyectoeuropa2024\/index.php\/wp-json\/wp\/v2\/comments?post=148"}],"version-history":[{"count":15,"href":"https:\/\/iesmgkorreas.com\/proyectoeuropa2024\/index.php\/wp-json\/wp\/v2\/pages\/148\/revisions"}],"predecessor-version":[{"id":802,"href":"https:\/\/iesmgkorreas.com\/proyectoeuropa2024\/index.php\/wp-json\/wp\/v2\/pages\/148\/revisions\/802"}],"wp:attachment":[{"href":"https:\/\/iesmgkorreas.com\/proyectoeuropa2024\/index.php\/wp-json\/wp\/v2\/media?parent=148"}],"curies":[{"name":"wp","href":"https:\/\/api.w.org\/{rel}","templated":true}]}}