{"id":23,"date":"2019-10-14T14:42:40","date_gmt":"2019-10-14T12:42:40","guid":{"rendered":"http:\/\/iesmgkorreas.com\/normamentira\/?page_id=23"},"modified":"2020-06-04T12:42:05","modified_gmt":"2020-06-04T10:42:05","slug":"inicio","status":"publish","type":"page","link":"https:\/\/iesmgkorreas.com\/normaliza2024\/","title":{"rendered":"Inicio"},"content":{"rendered":"\n<p class=\"has-text-align-center\">\u00abLa normalizaci\u00f3n de la mentira\u00bb es el t\u00edtulo elegido para el presente n\u00famero de la revista <em>Sapere aude.<\/em> Nuestro prop\u00f3sito es proponer a los alumnos la investigaci\u00f3n acerca de las diferentes formas que adopta la manipulaci\u00f3n de la informaci\u00f3n\u00a0 en nuestra sociedad. Tambi\u00e9n pretendemos descubrir que la manipulaci\u00f3n de la realidad no es un  fen\u00f3meno nuevo del momento presente; sino que es un fen\u00f3meno antiguo, que se ha dado en los diferentes \u00e1mbitos de la cultura y del conocimiento. Por esta raz\u00f3n, adem\u00e1s de tratar temas como las \u00abfake news\u00bb y\u00a0 la posverdad en la sociedad de la informaci\u00f3n, nos ocuparemos de la falsificaci\u00f3n de resultados en las investigaciones cient\u00edficas, el borrado de hechos y personajes en la historia, y, en general de las diferentes formas de la manipulaci\u00f3n de la realidad y del pensamiento.<\/p>\n\n\n\n<div class=\"wp-block-buttons is-layout-flex wp-block-buttons-is-layout-flex\">\n<div class=\"wp-block-button is-style-fill\"><a class=\"wp-block-button__link has-text-color has-white-color has-background\" href=\"https:\/\/iesmgkorreas.com\/normaliza2024\/wp-content\/uploads\/2020\/06\/Revista-completa-paginada.pdf\" style=\"background-color:#a30500\" target=\"_blank\" rel=\"noreferrer noopener\">                                  Pincha AQU\u00cd para descargar la revista completa                                                                                        <\/a><\/div>\n<\/div>\n\n\n<a href=\"https:\/\/iesmgkorreas.com\/normaliza2024\/wp-content\/uploads\/2020\/06\/Revista-completa-paginada.pdf\" class=\"pdfemb-viewer\" style=\"\" data-width=\"max\" data-height=\"max\" data-toolbar=\"bottom\" data-toolbar-fixed=\"off\">Revista-completa-paginada<\/a>\n<p class=\"wp-block-pdfemb-pdf-embedder-viewer\"><\/p>\n\n\n\n<p><\/p>\n","protected":false},"excerpt":{"rendered":"<p>\u00abLa normalizaci\u00f3n de la mentira\u00bb es el t\u00edtulo elegido para el presente n\u00famero de la revista Sapere aude. Nuestro prop\u00f3sito es proponer a los alumnos la investigaci\u00f3n acerca de las&#8230; <a href=\"https:\/\/iesmgkorreas.com\/normaliza2024\/\">Continuar leyendo &#8230;  &raquo;<\/a><\/p>\n","protected":false},"author":2,"featured_media":0,"parent":0,"menu_order":0,"comment_status":"closed","ping_status":"closed","template":"","meta":{"footnotes":""},"class_list":["post-23","page","type-page","status-publish","hentry"],"_links":{"self":[{"href":"https:\/\/iesmgkorreas.com\/normaliza2024\/index.php\/wp-json\/wp\/v2\/pages\/23","targetHints":{"allow":["GET"]}}],"collection":[{"href":"https:\/\/iesmgkorreas.com\/normaliza2024\/index.php\/wp-json\/wp\/v2\/pages"}],"about":[{"href":"https:\/\/iesmgkorreas.com\/normaliza2024\/index.php\/wp-json\/wp\/v2\/types\/page"}],"author":[{"embeddable":true,"href":"https:\/\/iesmgkorreas.com\/normaliza2024\/index.php\/wp-json\/wp\/v2\/users\/2"}],"replies":[{"embeddable":true,"href":"https:\/\/iesmgkorreas.com\/normaliza2024\/index.php\/wp-json\/wp\/v2\/comments?post=23"}],"version-history":[{"count":9,"href":"https:\/\/iesmgkorreas.com\/normaliza2024\/index.php\/wp-json\/wp\/v2\/pages\/23\/revisions"}],"predecessor-version":[{"id":1254,"href":"https:\/\/iesmgkorreas.com\/normaliza2024\/index.php\/wp-json\/wp\/v2\/pages\/23\/revisions\/1254"}],"wp:attachment":[{"href":"https:\/\/iesmgkorreas.com\/normaliza2024\/index.php\/wp-json\/wp\/v2\/media?parent=23"}],"curies":[{"name":"wp","href":"https:\/\/api.w.org\/{rel}","templated":true}]}}