{"id":21,"date":"2019-02-13T09:14:40","date_gmt":"2019-02-13T09:14:40","guid":{"rendered":"http:\/\/iesmgkorreas.com\/nativosdigitales\/?page_id=21"},"modified":"2019-02-23T17:15:07","modified_gmt":"2019-02-23T17:15:07","slug":"donde-estamos","status":"publish","type":"page","link":"https:\/\/iesmgkorreas.com\/nativosdigitales2024\/?page_id=21","title":{"rendered":"D\u00f3nde estamos"},"content":{"rendered":"<div class=\"entry\">\n<div class=\"widget-column footer-widget-2\">\n<section id=\"text-2\" class=\"widget widget_text\">\n<div class=\"textwidget\">\n<ul>\n<li><strong>Direcci\u00f3n Edificio 1 (CDV. Comarca de la Vera)<\/strong><br \/>\nAvda. Torremenga S\/N &#8211; 10400 Jara\u00edz de la Vera (C\u00e1ceres) &#8211; Espa\u00f1a<\/li>\n<li><strong>Direcci\u00f3n Edificio 2 (MGK. Maestro Gonzalo Korreas)<\/strong><br \/>\nAvda. Constituci\u00f3n S\/N &#8211; 10400 Jara\u00edz de la Vera (C\u00e1ceres) &#8211; Espa\u00f1a<\/li>\n<li><strong>Direcci\u00f3n Edificio 3 (C\u00e9sar Carlos)<\/strong><br \/>\nAvda. Constituci\u00f3n, 7 &#8211; 10400 Jara\u00edz de la Vera (C\u00e1ceres) &#8211; Espa\u00f1a<\/li>\n<\/ul>\n<p><strong>Horario:<\/strong><\/p>\n<p>De Lunes a Viernes de 8:30 a 14:30<\/p>\n<\/div>\n<\/section>\n<\/div>\n<p><iframe loading=\"lazy\" style=\"border: 0;\" src=\"https:\/\/www.google.com\/maps\/embed?pb=!1m18!1m12!1m3!1d3053.9081847403!2d-5.762642810412407!3d40.055149870219005!2m3!1f0!2f0!3f0!3m2!1i1024!2i768!4f13.1!3m3!1m2!1s0xd3e3311b4770305%3A0x8663e61eec462562!2sIES+Maestro+Gonzalo+Korreas!5e0!3m2!1ses!2ses!4v1550132811304\" width=\"600\" height=\"450\" frameborder=\"0\" allowfullscreen=\"allowfullscreen\"><\/iframe><\/p>\n<\/div>\n","protected":false},"excerpt":{"rendered":"<p>Direcci\u00f3n Edificio 1 (CDV. Comarca de la Vera) Avda. Torremenga S\/N &#8211; 10400 Jara\u00edz de la Vera (C\u00e1ceres) &#8211; Espa\u00f1a Direcci\u00f3n Edificio 2 (MGK. Maestro Gonzalo Korreas) Avda. Constituci\u00f3n S\/N &#8211; 10400 Jara\u00edz de la Vera (C\u00e1ceres) &#8211; Espa\u00f1a Direcci\u00f3n Edificio 3 (C\u00e9sar Carlos) Avda. Constituci\u00f3n, 7 &#8211; 10400 Jara\u00edz de la Vera (C\u00e1ceres) &#8211; &#8230;<\/p>\n","protected":false},"author":1,"featured_media":0,"parent":0,"menu_order":0,"comment_status":"closed","ping_status":"closed","template":"","meta":{"footnotes":""},"class_list":["post-21","page","type-page","status-publish"],"_links":{"self":[{"href":"https:\/\/iesmgkorreas.com\/nativosdigitales2024\/index.php?rest_route=\/wp\/v2\/pages\/21","targetHints":{"allow":["GET"]}}],"collection":[{"href":"https:\/\/iesmgkorreas.com\/nativosdigitales2024\/index.php?rest_route=\/wp\/v2\/pages"}],"about":[{"href":"https:\/\/iesmgkorreas.com\/nativosdigitales2024\/index.php?rest_route=\/wp\/v2\/types\/page"}],"author":[{"embeddable":true,"href":"https:\/\/iesmgkorreas.com\/nativosdigitales2024\/index.php?rest_route=\/wp\/v2\/users\/1"}],"replies":[{"embeddable":true,"href":"https:\/\/iesmgkorreas.com\/nativosdigitales2024\/index.php?rest_route=%2Fwp%2Fv2%2Fcomments&post=21"}],"version-history":[{"count":4,"href":"https:\/\/iesmgkorreas.com\/nativosdigitales2024\/index.php?rest_route=\/wp\/v2\/pages\/21\/revisions"}],"predecessor-version":[{"id":120,"href":"https:\/\/iesmgkorreas.com\/nativosdigitales2024\/index.php?rest_route=\/wp\/v2\/pages\/21\/revisions\/120"}],"wp:attachment":[{"href":"https:\/\/iesmgkorreas.com\/nativosdigitales2024\/index.php?rest_route=%2Fwp%2Fv2%2Fmedia&parent=21"}],"curies":[{"name":"wp","href":"https:\/\/api.w.org\/{rel}","templated":true}]}}