{"id":16,"date":"2019-02-13T09:12:23","date_gmt":"2019-02-13T09:12:23","guid":{"rendered":"http:\/\/iesmgkorreas.com\/nativosdigitales\/?page_id=16"},"modified":"2019-02-23T17:19:13","modified_gmt":"2019-02-23T17:19:13","slug":"quienes-somos","status":"publish","type":"page","link":"https:\/\/iesmgkorreas.com\/nativosdigitales2024\/?page_id=16","title":{"rendered":"Qui\u00e9nes somos"},"content":{"rendered":"<div class=\"entry\">\n<p>El programa Foro Nativos Digitales comienza su andadura en nuestro centro el presente curso acad\u00e9mico 2018\/19 con la participaci\u00f3n de un gran n\u00famero de alumnado, los tutores\/as de 1\u00ba y 2\u00ba de ESO y otros profesores\/as que se ha prestado de forma voluntaria a desarrollar diferentes tipos de actividades con grupos de alumnado seleccionados de los niveles de 3\u00ba y 4\u00ba de ESO, 1\u00ba y 2\u00ba de FP B\u00e1sica. El responsable de la coordinaci\u00f3n del proyecto es Francisco Javier Alonso Rufo, miembro del departamento de Biolog\u00eda y Geolog\u00eda.<\/p>\n<\/div>\n","protected":false},"excerpt":{"rendered":"<p>El programa Foro Nativos Digitales comienza su andadura en nuestro centro el presente curso acad\u00e9mico 2018\/19 con la participaci\u00f3n de un gran n\u00famero de alumnado, los tutores\/as de 1\u00ba y 2\u00ba de ESO y otros profesores\/as que se ha prestado de forma voluntaria a desarrollar diferentes tipos de actividades con grupos de alumnado seleccionados de &#8230;<\/p>\n","protected":false},"author":1,"featured_media":0,"parent":0,"menu_order":0,"comment_status":"closed","ping_status":"closed","template":"","meta":{"footnotes":""},"class_list":["post-16","page","type-page","status-publish"],"_links":{"self":[{"href":"https:\/\/iesmgkorreas.com\/nativosdigitales2024\/index.php?rest_route=\/wp\/v2\/pages\/16","targetHints":{"allow":["GET"]}}],"collection":[{"href":"https:\/\/iesmgkorreas.com\/nativosdigitales2024\/index.php?rest_route=\/wp\/v2\/pages"}],"about":[{"href":"https:\/\/iesmgkorreas.com\/nativosdigitales2024\/index.php?rest_route=\/wp\/v2\/types\/page"}],"author":[{"embeddable":true,"href":"https:\/\/iesmgkorreas.com\/nativosdigitales2024\/index.php?rest_route=\/wp\/v2\/users\/1"}],"replies":[{"embeddable":true,"href":"https:\/\/iesmgkorreas.com\/nativosdigitales2024\/index.php?rest_route=%2Fwp%2Fv2%2Fcomments&post=16"}],"version-history":[{"count":6,"href":"https:\/\/iesmgkorreas.com\/nativosdigitales2024\/index.php?rest_route=\/wp\/v2\/pages\/16\/revisions"}],"predecessor-version":[{"id":121,"href":"https:\/\/iesmgkorreas.com\/nativosdigitales2024\/index.php?rest_route=\/wp\/v2\/pages\/16\/revisions\/121"}],"wp:attachment":[{"href":"https:\/\/iesmgkorreas.com\/nativosdigitales2024\/index.php?rest_route=%2Fwp%2Fv2%2Fmedia&parent=16"}],"curies":[{"name":"wp","href":"https:\/\/api.w.org\/{rel}","templated":true}]}}