{"id":2,"date":"2019-10-02T08:34:37","date_gmt":"2019-10-02T06:34:37","guid":{"rendered":"http:\/\/www.iesmgkorreas.com\/europaction\/?page_id=2"},"modified":"2019-10-09T18:02:36","modified_gmt":"2019-10-09T16:02:36","slug":"pagina-ejemplo","status":"publish","type":"page","link":"https:\/\/iesmgkorreas.com\/europaction2024\/","title":{"rendered":"\u00a1Hola! Presentaci\u00f3n de EuropAction"},"content":{"rendered":"\n<div class=\"wp-block-image\"><figure class=\"aligncenter\"><a href=\"https:\/\/1.bp.blogspot.com\/-8C3Upvj7sqI\/XRc8dSGrrwI\/AAAAAAAAAD0\/OeU98JxeVjUHjnTrxOArG_q76dHhb6yuQCEwYBhgL\/s1600\/IES%2BMGK.jpg\"><img decoding=\"async\" src=\"https:\/\/1.bp.blogspot.com\/-8C3Upvj7sqI\/XRc8dSGrrwI\/AAAAAAAAAD0\/OeU98JxeVjUHjnTrxOArG_q76dHhb6yuQCEwYBhgL\/s320\/IES%2BMGK.jpg\" alt=\"\"\/><\/a><\/figure><\/div>\n\n\n\n<p><strong>\u00a1Hola, Europa!<\/strong> Este blog va a mostrar las actividades que llevemos a cabo en <em>EuropAction, <\/em>nuestro primer proyecto <a rel=\"noreferrer noopener\" href=\"http:\/\/sepie.es\/educacion-escolar\/convocatoria.html#KA101\" target=\"_blank\">KA101 Erasmus+<\/a>.  Somos novatos, as\u00ed que iremos despacito para cometer los menos errores  posibles. No nos olvidamos de que, aunque sean nueve las movilidades, se  trata de un proyecto de centro, de todo nuestro instituto: profesores,  estudiantes, familias y personal no docente. Y que lo realizamos,\u00a0 acompa\u00f1ados desde el primer momento, por el <a rel=\"noreferrer noopener\" href=\"http:\/\/cprjaraiz.juntaextremadura.net\/index.php\" target=\"_blank\">Centro de Profesores y Recursos de Jara\u00edz de la Vera<\/a> y con la asistencia del <a rel=\"noreferrer noopener\" href=\"http:\/\/sepie.es\/educacion-escolar\/index.html\" target=\"_blank\">SEPIE<\/a>.<br>El proyecto y el blog nacen con la ilusi\u00f3n de asomarnos a los sistemas  educativos que se implantan en Europa y aprender, pero que un mont\u00f3n, de lo mejor de cada uno de ellos.<br><br> A partir de ahora, tenemos un medio m\u00e1s de comunicaci\u00f3n en nuestro  centro, este blog. esperamos, pues, vuestros comentarios, aportaciones y  cr\u00edticas.<br><br> \u00a1Hasta pronto! <\/p>\n","protected":false},"excerpt":{"rendered":"<p>\u00a1Hola, Europa! Este blog va a mostrar las actividades que llevemos a cabo en EuropAction, nuestro primer proyecto KA101 Erasmus+. Somos novatos, as\u00ed que iremos despacito para cometer los menos errores posibles. No nos olvidamos de que, aunque sean nueve&hellip; <a href=\"https:\/\/iesmgkorreas.com\/europaction2024\/\" class=\"more-link\">Continue Reading <span class=\"meta-nav\">&rarr;<\/span><\/a><\/p>\n","protected":false},"author":1,"featured_media":0,"parent":0,"menu_order":0,"comment_status":"closed","ping_status":"open","template":"","meta":{"footnotes":""},"_links":{"self":[{"href":"https:\/\/iesmgkorreas.com\/europaction2024\/index.php\/wp-json\/wp\/v2\/pages\/2"}],"collection":[{"href":"https:\/\/iesmgkorreas.com\/europaction2024\/index.php\/wp-json\/wp\/v2\/pages"}],"about":[{"href":"https:\/\/iesmgkorreas.com\/europaction2024\/index.php\/wp-json\/wp\/v2\/types\/page"}],"author":[{"embeddable":true,"href":"https:\/\/iesmgkorreas.com\/europaction2024\/index.php\/wp-json\/wp\/v2\/users\/1"}],"replies":[{"embeddable":true,"href":"https:\/\/iesmgkorreas.com\/europaction2024\/index.php\/wp-json\/wp\/v2\/comments?post=2"}],"version-history":[{"count":3,"href":"https:\/\/iesmgkorreas.com\/europaction2024\/index.php\/wp-json\/wp\/v2\/pages\/2\/revisions"}],"predecessor-version":[{"id":61,"href":"https:\/\/iesmgkorreas.com\/europaction2024\/index.php\/wp-json\/wp\/v2\/pages\/2\/revisions\/61"}],"wp:attachment":[{"href":"https:\/\/iesmgkorreas.com\/europaction2024\/index.php\/wp-json\/wp\/v2\/media?parent=2"}],"curies":[{"name":"wp","href":"https:\/\/api.w.org\/{rel}","templated":true}]}}