{"id":13,"date":"2019-10-02T08:50:05","date_gmt":"2019-10-02T06:50:05","guid":{"rendered":"http:\/\/www.iesmgkorreas.com\/europaction\/?page_id=13"},"modified":"2019-10-09T17:59:39","modified_gmt":"2019-10-09T15:59:39","slug":"donde-estamos","status":"publish","type":"page","link":"https:\/\/iesmgkorreas.com\/europaction2024\/index.php\/donde-estamos\/","title":{"rendered":"\u00bfD\u00f3nde estamos?"},"content":{"rendered":"\n<p><strong>Direcci\u00f3n Edificio 1 (CDV. Comarca de la Vera)<\/strong><br> Avda. Torremenga, 1 \u2013 10400 Jara\u00edz de la Vera (C\u00e1ceres) \u2013 Espa\u00f1a<\/p>\n\n\n\n<p><strong>Direcci\u00f3n Edificio 2 (MGK. Maestro Gonzalo Korreas)<\/strong><br> Avda. Constituci\u00f3n S\/N \u2013 10400 Jara\u00edz de la Vera (C\u00e1ceres) \u2013 Espa\u00f1a<\/p>\n\n\n\n<p><strong>Direcci\u00f3n Edificio 3 (C\u00e9sar Carlos)<\/strong><br> Avda. Constituci\u00f3n, 7 \u2013 10400 Jara\u00edz de la Vera (C\u00e1ceres) \u2013 Espa\u00f1a<\/p>\n\n\n\n<p><strong>Horario:<\/strong><\/p>\n\n\n\n<p>De lunes a viernes, de 8:30 a 14:30 h.<\/p>\n\n\n\n<figure><iframe loading=\"lazy\" src=\"https:\/\/www.google.com\/maps\/embed?pb=!1m18!1m12!1m3!1d3053.9081847403!2d-5.762642810412407!3d40.055149870219005!2m3!1f0!2f0!3f0!3m2!1i1024!2i768!4f13.1!3m3!1m2!1s0xd3e3311b4770305%3A0x8663e61eec462562!2sIES+Maestro+Gonzalo+Korreas!5e0!3m2!1ses!2ses!4v1550132811304\" allowfullscreen=\"allowfullscreen\" width=\"600\" height=\"450\"><\/iframe><\/figure>\n","protected":false},"excerpt":{"rendered":"<p>Direcci\u00f3n Edificio 1 (CDV. Comarca de la Vera) Avda. Torremenga, 1 \u2013 10400 Jara\u00edz de la Vera (C\u00e1ceres) \u2013 Espa\u00f1a Direcci\u00f3n Edificio 2 (MGK. Maestro Gonzalo Korreas) Avda. Constituci\u00f3n S\/N \u2013 10400 Jara\u00edz de la Vera (C\u00e1ceres) \u2013 Espa\u00f1a Direcci\u00f3n&hellip; <a href=\"https:\/\/iesmgkorreas.com\/europaction2024\/index.php\/donde-estamos\/\" class=\"more-link\">Continue Reading <span class=\"meta-nav\">&rarr;<\/span><\/a><\/p>\n","protected":false},"author":1,"featured_media":0,"parent":0,"menu_order":0,"comment_status":"closed","ping_status":"closed","template":"","meta":{"footnotes":""},"_links":{"self":[{"href":"https:\/\/iesmgkorreas.com\/europaction2024\/index.php\/wp-json\/wp\/v2\/pages\/13"}],"collection":[{"href":"https:\/\/iesmgkorreas.com\/europaction2024\/index.php\/wp-json\/wp\/v2\/pages"}],"about":[{"href":"https:\/\/iesmgkorreas.com\/europaction2024\/index.php\/wp-json\/wp\/v2\/types\/page"}],"author":[{"embeddable":true,"href":"https:\/\/iesmgkorreas.com\/europaction2024\/index.php\/wp-json\/wp\/v2\/users\/1"}],"replies":[{"embeddable":true,"href":"https:\/\/iesmgkorreas.com\/europaction2024\/index.php\/wp-json\/wp\/v2\/comments?post=13"}],"version-history":[{"count":4,"href":"https:\/\/iesmgkorreas.com\/europaction2024\/index.php\/wp-json\/wp\/v2\/pages\/13\/revisions"}],"predecessor-version":[{"id":59,"href":"https:\/\/iesmgkorreas.com\/europaction2024\/index.php\/wp-json\/wp\/v2\/pages\/13\/revisions\/59"}],"wp:attachment":[{"href":"https:\/\/iesmgkorreas.com\/europaction2024\/index.php\/wp-json\/wp\/v2\/media?parent=13"}],"curies":[{"name":"wp","href":"https:\/\/api.w.org\/{rel}","templated":true}]}}