{"id":11,"date":"2019-10-02T08:49:48","date_gmt":"2019-10-02T06:49:48","guid":{"rendered":"http:\/\/www.iesmgkorreas.com\/europaction\/?page_id=11"},"modified":"2019-10-13T12:02:49","modified_gmt":"2019-10-13T10:02:49","slug":"quienes-somos","status":"publish","type":"page","link":"https:\/\/iesmgkorreas.com\/europaction2024\/index.php\/quienes-somos\/","title":{"rendered":"\u00bfQui\u00e9nes somos?"},"content":{"rendered":"\n<h4 class=\"wp-block-heading\">Este es un proyecto conjunto, realizado por el IES \u00abMaestro Gonzalo Korreas\u00bb y el CPR de Jara\u00edz de la Vera, que pretende ser el primero de un proceso de internacionalizaci\u00f3n continuo. En el curso 2019\/2020 participan los siguientes docentes:<\/h4>\n\n\n\n<ul><li><strong>Alfredo P\u00e9rez Tovar,<\/strong> director y asesor de desarrollo curricular del CPR de Jara\u00edz de la Vera.  <em>cprjaraizdelavera@edujuntaex.es<\/em><\/li><li><strong>Cristina S\u00e1nchez Miguel,<\/strong> asesora de pluriling\u00fcismo del CPR de Jara\u00edz de la Vera. <em>cprjaraizdelavera@edujuntaex.es<\/em><\/li><li><strong>Mar\u00eda del Carmen Amor Rodr\u00edguez,<\/strong> profesora de ingl\u00e9s del IES \u00abMaestro Gonzalo Korreas\u00bb. <em>mdcamorr1@iesmgkorreas.com<\/em><\/li><li> <strong>Francisco V. Calle Calle<\/strong>, profesor de franc\u00e9s del IES \u00abMaestro Gonzalo Korreas\u00bb. <em>fvcallec01@iesmgkorreas.com<\/em><\/li><li><strong>Jos\u00e9 Mar\u00eda Dur\u00e1n G\u00f3mez, <\/strong>profesor de \u00c1mbito Ling\u00fc\u00edstico y Social del IES \u00abMaestro Gonzalo Korreas\u00bb. <em>jmduran1968@iesmgkorreas.com<\/em><\/li><li><strong>Milagros de la Fuente Corregidor, <\/strong>profesora de ingl\u00e9s del IES \u00abMaestro Gonzalo Korreas\u00bb. <em>mdelafuentec01@iesmgkorreas.com<\/em><\/li><li><strong>M\u00edriam Garc\u00eda Aranz\u00e1bal, <\/strong>profesora de m\u00fasica del IES \u00abMaestro Goinzalo Korreas\u00bb. <em>mgarciaa01@iesmgkorreas.com<\/em><\/li><li><strong>Beatriz Rodr\u00edguez Santos,<\/strong> profesora de ingl\u00e9s<em> del IES <\/em>\u00abMaestro Gonzalo Korreas\u00bb. <em>brodriguezs01@iesmgkorreas.com<\/em><\/li><\/ul>\n","protected":false},"excerpt":{"rendered":"<p>Este es un proyecto conjunto, realizado por el IES \u00abMaestro Gonzalo Korreas\u00bb y el CPR de Jara\u00edz de la Vera, que pretende ser el primero de un proceso de internacionalizaci\u00f3n continuo. En el curso 2019\/2020 participan los siguientes docentes: Alfredo&hellip; <a href=\"https:\/\/iesmgkorreas.com\/europaction2024\/index.php\/quienes-somos\/\" class=\"more-link\">Continue Reading <span class=\"meta-nav\">&rarr;<\/span><\/a><\/p>\n","protected":false},"author":1,"featured_media":0,"parent":0,"menu_order":0,"comment_status":"closed","ping_status":"closed","template":"","meta":{"footnotes":""},"_links":{"self":[{"href":"https:\/\/iesmgkorreas.com\/europaction2024\/index.php\/wp-json\/wp\/v2\/pages\/11"}],"collection":[{"href":"https:\/\/iesmgkorreas.com\/europaction2024\/index.php\/wp-json\/wp\/v2\/pages"}],"about":[{"href":"https:\/\/iesmgkorreas.com\/europaction2024\/index.php\/wp-json\/wp\/v2\/types\/page"}],"author":[{"embeddable":true,"href":"https:\/\/iesmgkorreas.com\/europaction2024\/index.php\/wp-json\/wp\/v2\/users\/1"}],"replies":[{"embeddable":true,"href":"https:\/\/iesmgkorreas.com\/europaction2024\/index.php\/wp-json\/wp\/v2\/comments?post=11"}],"version-history":[{"count":7,"href":"https:\/\/iesmgkorreas.com\/europaction2024\/index.php\/wp-json\/wp\/v2\/pages\/11\/revisions"}],"predecessor-version":[{"id":111,"href":"https:\/\/iesmgkorreas.com\/europaction2024\/index.php\/wp-json\/wp\/v2\/pages\/11\/revisions\/111"}],"wp:attachment":[{"href":"https:\/\/iesmgkorreas.com\/europaction2024\/index.php\/wp-json\/wp\/v2\/media?parent=11"}],"curies":[{"name":"wp","href":"https:\/\/api.w.org\/{rel}","templated":true}]}}