{"id":72,"date":"2025-05-12T09:59:28","date_gmt":"2025-05-12T09:59:28","guid":{"rendered":"https:\/\/iesmgkorreas.com\/administracionyfinanzas2025\/?page_id=72"},"modified":"2025-05-21T10:07:52","modified_gmt":"2025-05-21T10:07:52","slug":"ciclos-formativos","status":"publish","type":"page","link":"https:\/\/iesmgkorreas.com\/administracionygestion\/index.php\/ciclos-formativos\/","title":{"rendered":"Ciclos Formativos"},"content":{"rendered":"\n<iframe loading=\"lazy\" src=\"https:\/\/drive.google.com\/file\/d\/1QbnxSWVqrl_-3Yb_9x56V1fZNPL4Yn-r\/preview\" width=\"640\" height=\"480\" allow=\"autoplay\"><\/iframe>\n\n\n<div  class=\"ultp-post-grid-block wp-block-ultimate-post-post-list-1 ultp-block-a18f9d\"><div class=\"ultp-block-wrapper\"><div class=\"ultp-loading\"><div class=\"ultp-loading-blocks\" style=\"width:100%;height:100%;\"><div style=\"left: 0;top: 0;animation-delay:0s;\"><\/div><div style=\"left: 21px;top: 0;animation-delay:0.125s;\"><\/div><div style=\"left: 42px;top: 0;animation-delay:0.25s;\"><\/div><div style=\"left: 0;top: 21px;animation-delay:0.875s;\"><\/div><div style=\"left: 42px;top: 21px;animation-delay:0.375s;\"><\/div><div style=\"left: 0;top: 42px;animation-delay:0.75s;\"><\/div><div style=\"left: 42px;top: 42px;animation-delay:0.625s;\"><\/div><div style=\"left: 21px;top: 42px;animation-delay:0.5s;\"><\/div><\/div><\/div><div class=\"ultp-block-items-wrap ultp-block-row ultp-block-column-2 ultp-pl1a-style1 ultp-post-list1-layout1\"><div class=\"ultp-block-item post-id-224\"><div class=\"ultp-block-content-wrap\"><div class=\"ultp-block-entry-content\"><div class=\"ultp-block-entry-heading\"><div class=\"ultp-category-grid ultp-category-classic ultp-category-aboveTitle\"><div class=\"ultp-category-in\"><a class=\"ultp-cat-portada\" href=\"https:\/\/iesmgkorreas.com\/administracionygestion\/index.php\/category\/portada\/\"  >Portada<\/a><\/div><\/div><h3 class=\"ultp-block-title \"><a href=\"https:\/\/iesmgkorreas.com\/administracionygestion\/index.php\/2025\/06\/19\/calendario-escolar-2025-2026\/\" >Calendario Escolar 2025-2026<\/a><\/h3><div class=\"ultp-block-meta ultp-block-meta- ultp-block-meta-icon\"><span class=\"ultp-block-author ultp-block-meta-element\"><svg xmlns=\"http:\/\/www.w3.org\/2000\/svg\" fill=\"none\" viewBox=\"0 0 24 24\">\n  <circle cx=\"12\" cy=\"7\" r=\"4\" stroke=\"currentColor\" stroke-linejoin=\"round\" stroke-width=\"1.5\"\/>\n  <path stroke=\"currentColor\" stroke-linecap=\"round\" stroke-linejoin=\"round\" stroke-width=\"1.5\" d=\"M4 21v-3a4 4 0 0 1 4-4h8a4 4 0 0 1 4 4v3\"\/>\n<\/svg>\n<a class=\"\" href=\"https:\/\/iesmgkorreas.com\/administracionygestion\/index.php\/author\/rodriguezmartin10\/\">Jose Carlos Rodriguez Mart\u00edn<\/a><\/span><span class=\"ultp-block-date ultp-block-meta-element\"><svg xmlns=\"http:\/\/www.w3.org\/2000\/svg\" fill=\"none\" viewBox=\"0 0 24 24\">\n  <path stroke=\"currentColor\" stroke-linecap=\"round\" stroke-linejoin=\"round\" stroke-width=\"1.5\" d=\"M3 5.5a2 2 0 0 1 2-2h14a2 2 0 0 1 2 2v14a2 2 0 0 1-2 2H5a2 2 0 0 1-2-2v-14ZM8 2v3m8-3v3M3 9h18\"\/>\n<\/svg>\nJun 19, 2025<\/span><span class=\"ultp-post-read ultp-block-meta-element\"><svg xmlns=\"http:\/\/www.w3.org\/2000\/svg\" fill=\"none\" viewBox=\"0 0 24 24\">\n  <path stroke=\"currentColor\" stroke-linecap=\"round\" stroke-linejoin=\"round\" stroke-width=\"1.5\" d=\"M4 5v14a3 3 0 0 0 3 3h13V8H7a3 3 0 0 1-3-3Zm0 0a3 3 0 0 1 3-3h13M7 5h10\"\/>\n  <path stroke=\"currentColor\" stroke-linecap=\"round\" stroke-linejoin=\"round\" stroke-width=\"1.5\" d=\"M9.5 18.5v-3.092a3 3 0 0 1 .504-1.664l1.219-1.828a.934.934 0 0 1 1.554 0l1.22 1.828a3 3 0 0 1 .503 1.664V18.5m-5-2.5h5\"\/>\n<\/svg>\n1 min read<\/span><\/div><\/div><div class=\"ultp-block-image ultp-block-image-none\"><a href=\"https:\/\/iesmgkorreas.com\/administracionygestion\/index.php\/2025\/06\/19\/calendario-escolar-2025-2026\/\" ><img decoding=\"async\"  alt=\"Calendario Escolar 2025-2026\"  src=\"https:\/\/iesmgkorreas.com\/administracionygestion\/wp-content\/uploads\/2025\/06\/Calendario-escolar-Extremadura-2025-2026.webp\" \/><\/a><\/div><\/div><div class=\"ultp-block-content\"><div class=\"ultp-block-excerpt\"><\/div><\/div><\/div><\/div><div class=\"ultp-block-item post-id-220\"><div class=\"ultp-block-content-wrap\"><div class=\"ultp-block-entry-content\"><div class=\"ultp-block-entry-heading\"><div class=\"ultp-category-grid ultp-category-classic ultp-category-aboveTitle\"><div class=\"ultp-category-in\"><a class=\"ultp-cat-portada\" href=\"https:\/\/iesmgkorreas.com\/administracionygestion\/index.php\/category\/portada\/\"  >Portada<\/a><\/div><\/div><h3 class=\"ultp-block-title \"><a href=\"https:\/\/iesmgkorreas.com\/administracionygestion\/index.php\/2025\/06\/19\/graduacion-administracion-y-gestion-2024-2025\/\" >Graduaci\u00f3n Administraci\u00f3n y Gesti\u00f3n 2024-2025<\/a><\/h3><div class=\"ultp-block-meta ultp-block-meta- ultp-block-meta-icon\"><span class=\"ultp-block-author ultp-block-meta-element\"><svg xmlns=\"http:\/\/www.w3.org\/2000\/svg\" fill=\"none\" viewBox=\"0 0 24 24\">\n  <circle cx=\"12\" cy=\"7\" r=\"4\" stroke=\"currentColor\" stroke-linejoin=\"round\" stroke-width=\"1.5\"\/>\n  <path stroke=\"currentColor\" stroke-linecap=\"round\" stroke-linejoin=\"round\" stroke-width=\"1.5\" d=\"M4 21v-3a4 4 0 0 1 4-4h8a4 4 0 0 1 4 4v3\"\/>\n<\/svg>\n<a class=\"\" href=\"https:\/\/iesmgkorreas.com\/administracionygestion\/index.php\/author\/rodriguezmartin10\/\">Jose Carlos Rodriguez Mart\u00edn<\/a><\/span><span class=\"ultp-block-date ultp-block-meta-element\"><svg xmlns=\"http:\/\/www.w3.org\/2000\/svg\" fill=\"none\" viewBox=\"0 0 24 24\">\n  <path stroke=\"currentColor\" stroke-linecap=\"round\" stroke-linejoin=\"round\" stroke-width=\"1.5\" d=\"M3 5.5a2 2 0 0 1 2-2h14a2 2 0 0 1 2 2v14a2 2 0 0 1-2 2H5a2 2 0 0 1-2-2v-14ZM8 2v3m8-3v3M3 9h18\"\/>\n<\/svg>\nJun 19, 2025<\/span><span class=\"ultp-post-read ultp-block-meta-element\"><svg xmlns=\"http:\/\/www.w3.org\/2000\/svg\" fill=\"none\" viewBox=\"0 0 24 24\">\n  <path stroke=\"currentColor\" stroke-linecap=\"round\" stroke-linejoin=\"round\" stroke-width=\"1.5\" d=\"M4 5v14a3 3 0 0 0 3 3h13V8H7a3 3 0 0 1-3-3Zm0 0a3 3 0 0 1 3-3h13M7 5h10\"\/>\n  <path stroke=\"currentColor\" stroke-linecap=\"round\" stroke-linejoin=\"round\" stroke-width=\"1.5\" d=\"M9.5 18.5v-3.092a3 3 0 0 1 .504-1.664l1.219-1.828a.934.934 0 0 1 1.554 0l1.22 1.828a3 3 0 0 1 .503 1.664V18.5m-5-2.5h5\"\/>\n<\/svg>\n0 min read<\/span><\/div><\/div><div class=\"ultp-block-image ultp-block-image-none\"><a href=\"https:\/\/iesmgkorreas.com\/administracionygestion\/index.php\/2025\/06\/19\/graduacion-administracion-y-gestion-2024-2025\/\" ><img decoding=\"async\"  alt=\"Graduaci\u00f3n Administraci\u00f3n y Gesti\u00f3n 2024-2025\"  src=\"https:\/\/iesmgkorreas.com\/administracionygestion\/wp-content\/uploads\/2025\/06\/Graduacion-2024-2025.jpeg\" \/><\/a><\/div><\/div><div class=\"ultp-block-content\"><div class=\"ultp-block-excerpt\"><\/div><\/div><\/div><\/div><div class=\"ultp-block-item post-id-209\"><div class=\"ultp-block-content-wrap\"><div class=\"ultp-block-entry-content\"><div class=\"ultp-block-entry-heading\"><div class=\"ultp-category-grid ultp-category-classic ultp-category-aboveTitle\"><div class=\"ultp-category-in\"><a class=\"ultp-cat-portada\" href=\"https:\/\/iesmgkorreas.com\/administracionygestion\/index.php\/category\/portada\/\"  >Portada<\/a><\/div><\/div><h3 class=\"ultp-block-title \"><a href=\"https:\/\/iesmgkorreas.com\/administracionygestion\/index.php\/2025\/06\/03\/calendario-de-examenes-ordinarios-y-extraordinarios-de-los-c-f-de-administracion-y-gestion\/\" >Calendario de Ex\u00e1menes Ordinarios y Extraordinarios de los Ciclos Formativos<\/a><\/h3><div class=\"ultp-block-meta ultp-block-meta- ultp-block-meta-icon\"><span class=\"ultp-block-author ultp-block-meta-element\"><svg xmlns=\"http:\/\/www.w3.org\/2000\/svg\" fill=\"none\" viewBox=\"0 0 24 24\">\n  <circle cx=\"12\" cy=\"7\" r=\"4\" stroke=\"currentColor\" stroke-linejoin=\"round\" stroke-width=\"1.5\"\/>\n  <path stroke=\"currentColor\" stroke-linecap=\"round\" stroke-linejoin=\"round\" stroke-width=\"1.5\" d=\"M4 21v-3a4 4 0 0 1 4-4h8a4 4 0 0 1 4 4v3\"\/>\n<\/svg>\n<a class=\"\" href=\"https:\/\/iesmgkorreas.com\/administracionygestion\/index.php\/author\/rodriguezmartin10\/\">Jose Carlos Rodriguez Mart\u00edn<\/a><\/span><span class=\"ultp-block-date ultp-block-meta-element\"><svg xmlns=\"http:\/\/www.w3.org\/2000\/svg\" fill=\"none\" viewBox=\"0 0 24 24\">\n  <path stroke=\"currentColor\" stroke-linecap=\"round\" stroke-linejoin=\"round\" stroke-width=\"1.5\" d=\"M3 5.5a2 2 0 0 1 2-2h14a2 2 0 0 1 2 2v14a2 2 0 0 1-2 2H5a2 2 0 0 1-2-2v-14ZM8 2v3m8-3v3M3 9h18\"\/>\n<\/svg>\nJun 3, 2025<\/span><span class=\"ultp-post-read ultp-block-meta-element\"><svg xmlns=\"http:\/\/www.w3.org\/2000\/svg\" fill=\"none\" viewBox=\"0 0 24 24\">\n  <path stroke=\"currentColor\" stroke-linecap=\"round\" stroke-linejoin=\"round\" stroke-width=\"1.5\" d=\"M4 5v14a3 3 0 0 0 3 3h13V8H7a3 3 0 0 1-3-3Zm0 0a3 3 0 0 1 3-3h13M7 5h10\"\/>\n  <path stroke=\"currentColor\" stroke-linecap=\"round\" stroke-linejoin=\"round\" stroke-width=\"1.5\" d=\"M9.5 18.5v-3.092a3 3 0 0 1 .504-1.664l1.219-1.828a.934.934 0 0 1 1.554 0l1.22 1.828a3 3 0 0 1 .503 1.664V18.5m-5-2.5h5\"\/>\n<\/svg>\n0 min read<\/span><\/div><\/div><div class=\"ultp-block-image ultp-block-image-none\"><a href=\"https:\/\/iesmgkorreas.com\/administracionygestion\/index.php\/2025\/06\/03\/calendario-de-examenes-ordinarios-y-extraordinarios-de-los-c-f-de-administracion-y-gestion\/\" ><img decoding=\"async\"  alt=\"Calendario de Ex\u00e1menes Ordinarios y Extraordinarios de los Ciclos Formativos\"  src=\"https:\/\/iesmgkorreas.com\/administracionygestion\/wp-content\/uploads\/2025\/06\/Examenes-Finales-Ordinarios-y-Extraordinarios-del-C.-F.-de-Administracion-y-Gestion.jpg\" \/><\/a><\/div><\/div><div class=\"ultp-block-content\"><div class=\"ultp-block-excerpt\"><\/div><\/div><\/div><\/div><div class=\"ultp-block-item post-id-155\"><div class=\"ultp-block-content-wrap\"><div class=\"ultp-block-entry-content\"><div class=\"ultp-block-entry-heading\"><div class=\"ultp-category-grid ultp-category-classic ultp-category-aboveTitle\"><div class=\"ultp-category-in\"><a class=\"ultp-cat-portada\" href=\"https:\/\/iesmgkorreas.com\/administracionygestion\/index.php\/category\/portada\/\"  >Portada<\/a><\/div><\/div><h3 class=\"ultp-block-title \"><a href=\"https:\/\/iesmgkorreas.com\/administracionygestion\/index.php\/2025\/05\/29\/abierto-el-plazo-de-admision-y-matriculacion-a-ciclos-de-formacion-profesional-para-el-curso-2025\/\" >Abierto el plazo de admisi\u00f3n y matriculaci\u00f3n a Ciclos de Formaci\u00f3n Profesional para el Curso 2025-2026<\/a><\/h3><div class=\"ultp-block-meta ultp-block-meta- ultp-block-meta-icon\"><span class=\"ultp-block-author ultp-block-meta-element\"><svg xmlns=\"http:\/\/www.w3.org\/2000\/svg\" fill=\"none\" viewBox=\"0 0 24 24\">\n  <circle cx=\"12\" cy=\"7\" r=\"4\" stroke=\"currentColor\" stroke-linejoin=\"round\" stroke-width=\"1.5\"\/>\n  <path stroke=\"currentColor\" stroke-linecap=\"round\" stroke-linejoin=\"round\" stroke-width=\"1.5\" d=\"M4 21v-3a4 4 0 0 1 4-4h8a4 4 0 0 1 4 4v3\"\/>\n<\/svg>\n<a class=\"\" href=\"https:\/\/iesmgkorreas.com\/administracionygestion\/index.php\/author\/dlopezr08\/\">Diana L\u00f3pez Redondo<\/a><\/span><span class=\"ultp-block-date ultp-block-meta-element\"><svg xmlns=\"http:\/\/www.w3.org\/2000\/svg\" fill=\"none\" viewBox=\"0 0 24 24\">\n  <path stroke=\"currentColor\" stroke-linecap=\"round\" stroke-linejoin=\"round\" stroke-width=\"1.5\" d=\"M3 5.5a2 2 0 0 1 2-2h14a2 2 0 0 1 2 2v14a2 2 0 0 1-2 2H5a2 2 0 0 1-2-2v-14ZM8 2v3m8-3v3M3 9h18\"\/>\n<\/svg>\nMay 29, 2025<\/span><span class=\"ultp-post-read ultp-block-meta-element\"><svg xmlns=\"http:\/\/www.w3.org\/2000\/svg\" fill=\"none\" viewBox=\"0 0 24 24\">\n  <path stroke=\"currentColor\" stroke-linecap=\"round\" stroke-linejoin=\"round\" stroke-width=\"1.5\" d=\"M4 5v14a3 3 0 0 0 3 3h13V8H7a3 3 0 0 1-3-3Zm0 0a3 3 0 0 1 3-3h13M7 5h10\"\/>\n  <path stroke=\"currentColor\" stroke-linecap=\"round\" stroke-linejoin=\"round\" stroke-width=\"1.5\" d=\"M9.5 18.5v-3.092a3 3 0 0 1 .504-1.664l1.219-1.828a.934.934 0 0 1 1.554 0l1.22 1.828a3 3 0 0 1 .503 1.664V18.5m-5-2.5h5\"\/>\n<\/svg>\n1 min read<\/span><\/div><\/div><div class=\"ultp-block-image ultp-block-image-none\"><a href=\"https:\/\/iesmgkorreas.com\/administracionygestion\/index.php\/2025\/05\/29\/abierto-el-plazo-de-admision-y-matriculacion-a-ciclos-de-formacion-profesional-para-el-curso-2025\/\" ><img decoding=\"async\"  alt=\"Abierto el plazo de admisi\u00f3n y matriculaci\u00f3n a Ciclos de Formaci\u00f3n Profesional para el Curso 2025-2026\"  src=\"https:\/\/iesmgkorreas.com\/administracionygestion\/wp-content\/uploads\/2025\/05\/portada-noticia-admy-mat.png\" \/><\/a><\/div><\/div><div class=\"ultp-block-content\"><div class=\"ultp-block-excerpt\"><p>Ya est\u00e1 abierto el periodo para solicitar plaza en los Ciclos Formativos de Grado Medio y Grado Superior de Formaci\u00f3n Profesional para el pr\u00f3ximo curso&hellip;<\/p>\n<\/div><\/div><\/div><\/div><\/div><\/div><div class=\"pagination-block-html\" aria-hidden=\"true\" style=\"display: none;\"><\/div><\/div>","protected":false},"excerpt":{"rendered":"","protected":false},"author":2,"featured_media":0,"parent":0,"menu_order":0,"comment_status":"closed","ping_status":"closed","template":"","meta":{"cybocfi_hide_featured_image":"","footnotes":""},"class_list":["post-72","page","type-page","status-publish","hentry"],"_links":{"self":[{"href":"https:\/\/iesmgkorreas.com\/administracionygestion\/index.php\/wp-json\/wp\/v2\/pages\/72","targetHints":{"allow":["GET"]}}],"collection":[{"href":"https:\/\/iesmgkorreas.com\/administracionygestion\/index.php\/wp-json\/wp\/v2\/pages"}],"about":[{"href":"https:\/\/iesmgkorreas.com\/administracionygestion\/index.php\/wp-json\/wp\/v2\/types\/page"}],"author":[{"embeddable":true,"href":"https:\/\/iesmgkorreas.com\/administracionygestion\/index.php\/wp-json\/wp\/v2\/users\/2"}],"replies":[{"embeddable":true,"href":"https:\/\/iesmgkorreas.com\/administracionygestion\/index.php\/wp-json\/wp\/v2\/comments?post=72"}],"version-history":[{"count":6,"href":"https:\/\/iesmgkorreas.com\/administracionygestion\/index.php\/wp-json\/wp\/v2\/pages\/72\/revisions"}],"predecessor-version":[{"id":194,"href":"https:\/\/iesmgkorreas.com\/administracionygestion\/index.php\/wp-json\/wp\/v2\/pages\/72\/revisions\/194"}],"wp:attachment":[{"href":"https:\/\/iesmgkorreas.com\/administracionygestion\/index.php\/wp-json\/wp\/v2\/media?parent=72"}],"curies":[{"name":"wp","href":"https:\/\/api.w.org\/{rel}","templated":true}]}}