{"id":2,"date":"2025-05-06T10:11:35","date_gmt":"2025-05-06T10:11:35","guid":{"rendered":"http:\/\/iesmgkorreas.com\/administracionyfinanzas2025\/?page_id=2"},"modified":"2025-05-12T09:35:25","modified_gmt":"2025-05-12T09:35:25","slug":"pagina-ejemplo","status":"publish","type":"page","link":"https:\/\/iesmgkorreas.com\/administracionygestion\/","title":{"rendered":"Inicio"},"content":{"rendered":"\n<p>Presentar ciclo de administraci\u00f3n&#8230; <\/p>\n\n\n\n<p>P\u00e1gina en construcci\u00f3n<\/p>\n\n\n\n<p>Disculpen las molestias&#8230;.<\/p>\n","protected":false},"excerpt":{"rendered":"<p>Presentar ciclo de administraci\u00f3n&#8230; P\u00e1gina en construcci\u00f3n Disculpen las molestias&#8230;.<\/p>\n","protected":false},"author":1,"featured_media":0,"parent":0,"menu_order":0,"comment_status":"closed","ping_status":"open","template":"","meta":{"cybocfi_hide_featured_image":"","footnotes":""},"class_list":["post-2","page","type-page","status-publish","hentry"],"_links":{"self":[{"href":"https:\/\/iesmgkorreas.com\/administracionygestion\/index.php\/wp-json\/wp\/v2\/pages\/2","targetHints":{"allow":["GET"]}}],"collection":[{"href":"https:\/\/iesmgkorreas.com\/administracionygestion\/index.php\/wp-json\/wp\/v2\/pages"}],"about":[{"href":"https:\/\/iesmgkorreas.com\/administracionygestion\/index.php\/wp-json\/wp\/v2\/types\/page"}],"author":[{"embeddable":true,"href":"https:\/\/iesmgkorreas.com\/administracionygestion\/index.php\/wp-json\/wp\/v2\/users\/1"}],"replies":[{"embeddable":true,"href":"https:\/\/iesmgkorreas.com\/administracionygestion\/index.php\/wp-json\/wp\/v2\/comments?post=2"}],"version-history":[{"count":4,"href":"https:\/\/iesmgkorreas.com\/administracionygestion\/index.php\/wp-json\/wp\/v2\/pages\/2\/revisions"}],"predecessor-version":[{"id":168,"href":"https:\/\/iesmgkorreas.com\/administracionygestion\/index.php\/wp-json\/wp\/v2\/pages\/2\/revisions\/168"}],"wp:attachment":[{"href":"https:\/\/iesmgkorreas.com\/administracionygestion\/index.php\/wp-json\/wp\/v2\/media?parent=2"}],"curies":[{"name":"wp","href":"https:\/\/api.w.org\/{rel}","templated":true}]}}